{"id":64,"date":"2022-11-30T13:24:28","date_gmt":"2022-11-30T12:24:28","guid":{"rendered":"http:\/\/sogepyme.com\/?page_id=64"},"modified":"2023-03-10T10:31:00","modified_gmt":"2023-03-10T09:31:00","slug":"accesibilidad","status":"publish","type":"page","link":"https:\/\/sogepyme.com\/pt\/accesibilidad\/","title":{"rendered":"Accesibilidad"},"content":{"rendered":"<div data-elementor-type=\"wp-page\" data-elementor-id=\"64\" class=\"elementor elementor-64\" data-elementor-post-type=\"page\">\n\t\t\t\t\t\t<section class=\"elementor-section elementor-top-section elementor-element elementor-element-36a947a elementor-section-full_width elementor-section-height-default elementor-section-height-default\" data-id=\"36a947a\" data-element_type=\"section\" data-settings=\"{&quot;background_background&quot;:&quot;classic&quot;,&quot;background_motion_fx_motion_fx_scrolling&quot;:&quot;yes&quot;,&quot;background_motion_fx_devices&quot;:[&quot;desktop&quot;,&quot;tablet&quot;,&quot;mobile&quot;]}\">\n\t\t\t\t\t\t\t<div class=\"elementor-background-overlay\"><\/div>\n\t\t\t\t\t\t\t<div class=\"elementor-container elementor-column-gap-no\">\n\t\t\t\t\t<div class=\"elementor-column elementor-col-100 elementor-top-column elementor-element elementor-element-5cd470b\" data-id=\"5cd470b\" data-element_type=\"column\" data-settings=\"{&quot;background_background&quot;:&quot;classic&quot;}\">\n\t\t\t<div class=\"elementor-widget-wrap elementor-element-populated\">\n\t\t\t\t\t\t<div class=\"elementor-element elementor-element-d1773db elementor-widget__width-auto elementor-mobile-align-center elementor-widget-mobile__width-auto elementor-widget elementor-widget-breadcrumbs\" data-id=\"d1773db\" data-element_type=\"widget\" data-widget_type=\"breadcrumbs.default\">\n\t\t\t\t<div class=\"elementor-widget-container\">\n\t\t\t\t\t<p id=\"breadcrumbs\"><span><span><a href=\"https:\/\/sogepyme.com\/pt\">Inicio<\/a><\/span><\/span><\/p>\t\t\t\t<\/div>\n\t\t\t\t<\/div>\n\t\t\t\t<div class=\"elementor-element elementor-element-d219c1d elementor-invisible elementor-widget elementor-widget-heading\" data-id=\"d219c1d\" data-element_type=\"widget\" data-settings=\"{&quot;_animation&quot;:&quot;fadeInLeft&quot;}\" data-widget_type=\"heading.default\">\n\t\t\t\t<div class=\"elementor-widget-container\">\n\t\t\t\t\t<h1 class=\"elementor-heading-title elementor-size-default\">ACCESIBILIDAD<\/h1>\t\t\t\t<\/div>\n\t\t\t\t<\/div>\n\t\t\t\t<div class=\"elementor-element elementor-element-b26fb90 elementor-widget elementor-widget-text-editor\" data-id=\"b26fb90\" data-element_type=\"widget\" data-widget_type=\"text-editor.default\">\n\t\t\t\t<div class=\"elementor-widget-container\">\n\t\t\t\t\t\t\t\t\t<p style=\"text-align: center;\">Declaraci\u00f3n responsable de accesibilidad de este sitio web en cumplimiento con la normativa vigente<\/p>\t\t\t\t\t\t\t\t<\/div>\n\t\t\t\t<\/div>\n\t\t\t\t\t<\/div>\n\t\t<\/div>\n\t\t\t\t\t<\/div>\n\t\t<\/section>\n\t\t\t\t<section class=\"elementor-section elementor-top-section elementor-element elementor-element-4eaeab4 elementor-section-boxed elementor-section-height-default elementor-section-height-default\" data-id=\"4eaeab4\" data-element_type=\"section\">\n\t\t\t\t\t\t<div class=\"elementor-container elementor-column-gap-default\">\n\t\t\t\t\t<div class=\"elementor-column elementor-col-100 elementor-top-column elementor-element elementor-element-ebe4b51\" data-id=\"ebe4b51\" data-element_type=\"column\">\n\t\t\t<div class=\"elementor-widget-wrap elementor-element-populated\">\n\t\t\t\t\t\t<div class=\"elementor-element elementor-element-a77d3c2 elementor-widget elementor-widget-text-editor\" data-id=\"a77d3c2\" data-element_type=\"widget\" data-widget_type=\"text-editor.default\">\n\t\t\t\t<div class=\"elementor-widget-container\">\n\t\t\t\t\t\t\t\t\t<p><strong>Sogepyme, S.A.<\/strong> se ha comprometido a proporcionar una experiencia de sitio web totalmente accesible para todos los usuarios, incluidos aquellos que dependen de tecnolog\u00edas de asistencia como lectores de pantalla, software de ampliaci\u00f3n de pantalla y dispositivos de entrada de teclado alternativos para navegar por la web, de conformidad con el <a class=\"ext\" href=\"https:\/\/www.boe.es\/diario_boe\/txt.php?id=BOE-A-2018-12699\" target=\"_blank\" rel=\"noopener noreferrer\" data-extlink=\"\">Real Decreto 1112\/2018, de 7 de septiembre, sobre accesibilidad de los sitios web y aplicaciones para dispositivos m\u00f3viles del sector p\u00fablico.<\/a><\/p><p>La presente declaraci\u00f3n de accesibilidad se aplica al sitio web: www.sogepyme.com<\/p>\t\t\t\t\t\t\t\t<\/div>\n\t\t\t\t<\/div>\n\t\t\t\t<div class=\"elementor-element elementor-element-128e471 elementor-invisible elementor-widget elementor-widget-heading\" data-id=\"128e471\" data-element_type=\"widget\" data-settings=\"{&quot;_animation&quot;:&quot;fadeIn&quot;}\" data-widget_type=\"heading.default\">\n\t\t\t\t<div class=\"elementor-widget-container\">\n\t\t\t\t\t<h2 class=\"elementor-heading-title elementor-size-default\">SITUACI\u00d3N DE CUMPLIMIENTO<\/h2>\t\t\t\t<\/div>\n\t\t\t\t<\/div>\n\t\t\t\t<div class=\"elementor-element elementor-element-b24900a elementor-widget elementor-widget-text-editor\" data-id=\"b24900a\" data-element_type=\"widget\" data-widget_type=\"text-editor.default\">\n\t\t\t\t<div class=\"elementor-widget-container\">\n\t\t\t\t\t\t\t\t\t<p>Este sitio web es parcialmente conforme con el RD 1112\/2018 debido a las excepciones y a la falta de conformidad de los aspectos que se indican en el siguiente punto.<\/p>\t\t\t\t\t\t\t\t<\/div>\n\t\t\t\t<\/div>\n\t\t\t\t<div class=\"elementor-element elementor-element-965a21a elementor-invisible elementor-widget elementor-widget-heading\" data-id=\"965a21a\" data-element_type=\"widget\" data-settings=\"{&quot;_animation&quot;:&quot;fadeIn&quot;}\" data-widget_type=\"heading.default\">\n\t\t\t\t<div class=\"elementor-widget-container\">\n\t\t\t\t\t<h2 class=\"elementor-heading-title elementor-size-default\">CONTENIDO NO ACCESIBLE<\/h2>\t\t\t\t<\/div>\n\t\t\t\t<\/div>\n\t\t\t\t<div class=\"elementor-element elementor-element-8a3378b elementor-widget elementor-widget-text-editor\" data-id=\"8a3378b\" data-element_type=\"widget\" data-widget_type=\"text-editor.default\">\n\t\t\t\t<div class=\"elementor-widget-container\">\n\t\t\t\t\t\t\t\t\t<p><span style=\"color: var( --e-global-color-text ); font-family: var( --e-global-typography-text-font-family ), Sans-serif; font-size: var( --e-global-typography-text-font-size ); font-weight: var( --e-global-typography-text-font-weight );\">El contenido que se recoge a continuaci\u00f3n no es accesible por lo siguiente:<\/span><\/p><h3 style=\"padding-left: 40px;\">Falta de conformidad con el RD 1112\/2018<\/h3><p style=\"padding-left: 40px;\">Podr\u00edan existir documentos ofim\u00e1ticos en PDF y otros formatos publicados posteriormente al 20 de septiembre de 2018 que no cumplan en su totalidad los requisitos de accesibilidad. Se pueden solicitar los documentos completamente accesibles desde el formulario de contacto para formalizar quejas y consultas.<\/p><p style=\"padding-left: 40px;\">Podr\u00edan existir errores de c\u00f3digo puntuales de edici\u00f3n en alguna p\u00e1gina web. [4.1.1 Procesamiento]<\/p><h3 style=\"padding-left: 40px;\">El contenido no entra dentro del \u00e1mbito de la legislaci\u00f3n aplicable<\/h3><p style=\"padding-left: 40px;\">Podr\u00edan existir archivos ofim\u00e1ticos en PDF u otros formatos publicados antes del 20 de septiembre de 2018 que no cumplan en su totalidad todos los requisitos de accesibilidad. Aunque se ha procurado que la mayor\u00eda de ellos s\u00ed lo cumplan.<\/p>\t\t\t\t\t\t\t\t<\/div>\n\t\t\t\t<\/div>\n\t\t\t\t<div class=\"elementor-element elementor-element-a98d88c elementor-invisible elementor-widget elementor-widget-heading\" data-id=\"a98d88c\" data-element_type=\"widget\" data-settings=\"{&quot;_animation&quot;:&quot;fadeIn&quot;}\" data-widget_type=\"heading.default\">\n\t\t\t\t<div class=\"elementor-widget-container\">\n\t\t\t\t\t<h2 class=\"elementor-heading-title elementor-size-default\">CONTENIDO OPCIONAL<\/h2>\t\t\t\t<\/div>\n\t\t\t\t<\/div>\n\t\t\t\t<div class=\"elementor-element elementor-element-8ef3540 elementor-widget elementor-widget-text-editor\" data-id=\"8ef3540\" data-element_type=\"widget\" data-widget_type=\"text-editor.default\">\n\t\t\t\t<div class=\"elementor-widget-container\">\n\t\t\t\t\t\t\t\t\t<p><span style=\"color: var( --e-global-color-text ); font-family: var( --e-global-typography-text-font-family ), Sans-serif; font-size: var( --e-global-typography-text-font-size ); font-weight: var( --e-global-typography-text-font-weight );\">Este sitio web est\u00e1 dise\u00f1ado para poder cambiar el tama\u00f1o del texto y el color, as\u00ed como el fondo de la p\u00e1gina mediante las opciones de configuraci\u00f3n est\u00e1ndar de los navegadores.<\/span><\/p>\n<p>Si desea cambiar el tama\u00f1o de letra del texto en los principales navegadores gr\u00e1ficos utilice los siguientes men\u00fas:<\/p>\n<ul>\n<li>Internet Explorer, Mozilla y Firefox: Ver &gt; Tama\u00f1o del texto<\/li>\n<li>Opera: Ver &gt; Zoom<\/li>\n<li>Safari: Ver &gt; Hacer el texto m\u00e1s grande<\/li>\n<li>Chrome: Controla la p\u00e1gina actual &gt; Tama\u00f1o del textoPara modificar el tama\u00f1o de todo en la p\u00e1gina:<\/li>\n<li>\n<ul>\n<li>Ctrl + + para aumentarlo<\/li>\n<li>Ctrl + &#8211; para disminuirlo<\/li>\n<li>Ctrl + 0 restaura el tama\u00f1o original del texto<\/li>\n<li>Si lo que quiere es anular la hoja de estilos o modificar el color del texto, puede consultar la p\u00e1gina <span lang=\"en\">How to Change Text Size or Colors de la WAI<\/span>, que se puede leer traducida al espa\u00f1ol en \u00bfC\u00f3mo cambiar el tama\u00f1o del texto o colores?<\/li><\/ul><\/li><\/ul>\t\t\t\t\t\t\t\t<\/div>\n\t\t\t\t<\/div>\n\t\t\t\t<div class=\"elementor-element elementor-element-f8607ba elementor-invisible elementor-widget elementor-widget-heading\" data-id=\"f8607ba\" data-element_type=\"widget\" data-settings=\"{&quot;_animation&quot;:&quot;fadeIn&quot;}\" data-widget_type=\"heading.default\">\n\t\t\t\t<div class=\"elementor-widget-container\">\n\t\t\t\t\t<h2 class=\"elementor-heading-title elementor-size-default\">FUNCIONES DE ACCESIBILIDAD EN NUESTRO SITIO WEB<\/h2>\t\t\t\t<\/div>\n\t\t\t\t<\/div>\n\t\t\t\t<div class=\"elementor-element elementor-element-282fa8e elementor-widget elementor-widget-text-editor\" data-id=\"282fa8e\" data-element_type=\"widget\" data-widget_type=\"text-editor.default\">\n\t\t\t\t<div class=\"elementor-widget-container\">\n\t\t\t\t\t\t\t\t\t<div><span style=\"color: var( --e-global-color-text ); font-family: var( --e-global-typography-text-font-family ), Sans-serif; font-size: var( --e-global-typography-text-font-size ); font-weight: var( --e-global-typography-text-font-weight );\">Mediante el plugin &#8220;One Click Accessibility&#8221; hemos incorporado las siguientes herramientas para mejorar la accesibilidad:<\/span><\/div><ul><li>Cambiar el tama\u00f1o de la fuente (aumentar\/disminuir)<\/li><li>Escala de grises<\/li><li>Contraste negativo<\/li><li>Alto contraste<\/li><li>Fondo claro<\/li><li>Subrayado de enlaces<\/li><li>Fuente legible<\/li><li>Enlace al mapa del sitio\/comentarios\/p\u00e1ginas de ayuda<\/li><li>Habilitar saltar al contenido<\/li><li>A\u00f1adir foco de esquema para elementos enfocables<\/li><li>Eliminar el atributo de destino de los enlaces<\/li><li>Agregar roles de referencia a todos los enlaces<\/li><li>Personalizador para ajuste de estilo<\/li><\/ul>\t\t\t\t\t\t\t\t<\/div>\n\t\t\t\t<\/div>\n\t\t\t\t<div class=\"elementor-element elementor-element-15a8549 elementor-invisible elementor-widget elementor-widget-heading\" data-id=\"15a8549\" data-element_type=\"widget\" data-settings=\"{&quot;_animation&quot;:&quot;fadeIn&quot;}\" data-widget_type=\"heading.default\">\n\t\t\t\t<div class=\"elementor-widget-container\">\n\t\t\t\t\t<h2 class=\"elementor-heading-title elementor-size-default\">D\u00d3NDE ESTAMOS MEJORANDO<\/h2>\t\t\t\t<\/div>\n\t\t\t\t<\/div>\n\t\t\t\t<div class=\"elementor-element elementor-element-d40bd66 elementor-widget elementor-widget-text-editor\" data-id=\"d40bd66\" data-element_type=\"widget\" data-widget_type=\"text-editor.default\">\n\t\t\t\t<div class=\"elementor-widget-container\">\n\t\t\t\t\t\t\t\t\t<div><span style=\"color: var( --e-global-color-text ); font-family: var( --e-global-typography-text-font-family ), Sans-serif; font-size: var( --e-global-typography-text-font-size ); font-weight: var( --e-global-typography-text-font-weight );\">Esto es parte de nuestro esfuerzo m\u00e1s amplio para hacer que la experiencia de todos en Sogepyme, S.A. sea acogedora y agradable. Tenga en cuenta que si bien hacemos todo lo posible para proporcionar informaci\u00f3n accesible para todos los usuarios, no podemos garantizar la accesibilidad de los sitios web de terceros a los que podemos vincularnos.<\/span><\/div>\t\t\t\t\t\t\t\t<\/div>\n\t\t\t\t<\/div>\n\t\t\t\t<div class=\"elementor-element elementor-element-2fa35e7 elementor-invisible elementor-widget elementor-widget-heading\" data-id=\"2fa35e7\" data-element_type=\"widget\" data-settings=\"{&quot;_animation&quot;:&quot;fadeIn&quot;}\" data-widget_type=\"heading.default\">\n\t\t\t\t<div class=\"elementor-widget-container\">\n\t\t\t\t\t<h2 class=\"elementor-heading-title elementor-size-default\">CONTACTO DE SOPORTE DE ACCESIBILIDAD<\/h2>\t\t\t\t<\/div>\n\t\t\t\t<\/div>\n\t\t\t\t<div class=\"elementor-element elementor-element-6db7da7 elementor-widget elementor-widget-text-editor\" data-id=\"6db7da7\" data-element_type=\"widget\" data-widget_type=\"text-editor.default\">\n\t\t\t\t<div class=\"elementor-widget-container\">\n\t\t\t\t\t\t\t\t\t<div><span style=\"color: var( --e-global-color-text ); font-family: var( --e-global-typography-text-font-family ), Sans-serif; font-size: var( --e-global-typography-text-font-size ); font-weight: var( --e-global-typography-text-font-weight );\">Damos la bienvenida a comentarios, preguntas y comentarios sobre nuestro sitio web. Si est\u00e1 utilizando tecnolog\u00edas de asistencia y tiene dificultades para usar nuestro sitio web, env\u00ede un correo electr\u00f3nico a info@sogepyme.com. Haremos todo lo posible para ayudar y resolver los problemas.<\/span><\/div>\t\t\t\t\t\t\t\t<\/div>\n\t\t\t\t<\/div>\n\t\t\t\t\t<\/div>\n\t\t<\/div>\n\t\t\t\t\t<\/div>\n\t\t<\/section>\n\t\t\t\t<section class=\"elementor-section elementor-top-section elementor-element elementor-element-a77bd45 elementor-section-boxed elementor-section-height-default elementor-section-height-default\" data-id=\"a77bd45\" data-element_type=\"section\">\n\t\t\t\t\t\t<div class=\"elementor-container elementor-column-gap-default\">\n\t\t\t\t\t<div class=\"elementor-column elementor-col-100 elementor-top-column elementor-element elementor-element-e63d971\" data-id=\"e63d971\" data-element_type=\"column\">\n\t\t\t<div class=\"elementor-widget-wrap elementor-element-populated\">\n\t\t\t\t\t\t<div class=\"elementor-element elementor-element-a993abd elementor-align-center elementor-widget elementor-widget-button\" data-id=\"a993abd\" data-element_type=\"widget\" data-widget_type=\"button.default\">\n\t\t\t\t<div class=\"elementor-widget-container\">\n\t\t\t\t\t\t\t\t\t<div class=\"elementor-button-wrapper\">\n\t\t\t\t\t<a class=\"elementor-button elementor-button-link elementor-size-md elementor-animation-grow\" href=\"https:\/\/sogepyme.com\/pt\/contacto\/\">\n\t\t\t\t\t\t<span class=\"elementor-button-content-wrapper\">\n\t\t\t\t\t\t\t\t\t<span class=\"elementor-button-text\">Solicitar m\u00e1s informaci\u00f3n<\/span>\n\t\t\t\t\t<\/span>\n\t\t\t\t\t<\/a>\n\t\t\t\t<\/div>\n\t\t\t\t\t\t\t\t<\/div>\n\t\t\t\t<\/div>\n\t\t\t\t\t<\/div>\n\t\t<\/div>\n\t\t\t\t\t<\/div>\n\t\t<\/section>\n\t\t\t\t<\/div>","protected":false},"excerpt":{"rendered":"<p>ACCESIBILIDAD Declaraci\u00f3n responsable de accesibilidad de este sitio web en cumplimiento con la normativa vigente se ha comprometido a proporcionar una experiencia de sitio web totalmente accesible para todos los usuarios, incluidos aquellos que dependen de tecnolog\u00edas de asistencia como lectores de pantalla, software de ampliaci\u00f3n de pantalla y dispositivos de entrada de teclado alternativos [&hellip;]<\/p>","protected":false},"author":1,"featured_media":99,"parent":0,"menu_order":12,"comment_status":"closed","ping_status":"closed","template":"elementor_header_footer","meta":{"footnotes":""},"class_list":["post-64","page","type-page","status-publish","has-post-thumbnail","hentry"],"yoast_head":"<!-- This site is optimized with the Yoast SEO plugin v24.4 - https:\/\/yoast.com\/wordpress\/plugins\/seo\/ -->\n<title>Accesibilidad | Sogepyme<\/title>\n<meta name=\"description\" content=\"Ingenier\u00eda especializada en el sector de las renovables.\" \/>\n<meta name=\"robots\" content=\"index, follow, max-snippet:-1, max-image-preview:large, max-video-preview:-1\" \/>\n<link rel=\"canonical\" href=\"https:\/\/sogepyme.com\/pt\/accesibilidad\/\" \/>\n<meta property=\"og:locale\" content=\"pt_PT\" \/>\n<meta property=\"og:type\" content=\"article\" \/>\n<meta property=\"og:title\" content=\"Accesibilidad | Sogepyme\" \/>\n<meta property=\"og:description\" content=\"Ingenier\u00eda especializada en el sector de las renovables.\" \/>\n<meta property=\"og:url\" content=\"https:\/\/sogepyme.com\/pt\/accesibilidad\/\" \/>\n<meta property=\"og:site_name\" content=\"Sogepyme\" \/>\n<meta property=\"article:modified_time\" content=\"2023-03-10T09:31:00+00:00\" \/>\n<meta property=\"og:image\" content=\"https:\/\/sogepyme.com\/wp-content\/uploads\/2022\/12\/SOGEPYME-ahombre-pantalla-de-control-scaled.jpg\" \/>\n\t<meta property=\"og:image:width\" content=\"1920\" \/>\n\t<meta property=\"og:image:height\" content=\"1282\" \/>\n\t<meta property=\"og:image:type\" content=\"image\/jpeg\" \/>\n<meta name=\"twitter:card\" content=\"summary_large_image\" \/>\n<script type=\"application\/ld+json\" class=\"yoast-schema-graph\">{\"@context\":\"https:\/\/schema.org\",\"@graph\":[{\"@type\":\"WebPage\",\"@id\":\"https:\/\/sogepyme.com\/accesibilidad\/\",\"url\":\"https:\/\/sogepyme.com\/accesibilidad\/\",\"name\":\"Accesibilidad | Sogepyme\",\"isPartOf\":{\"@id\":\"https:\/\/sogepyme.com\/#website\"},\"primaryImageOfPage\":{\"@id\":\"https:\/\/sogepyme.com\/accesibilidad\/#primaryimage\"},\"image\":{\"@id\":\"https:\/\/sogepyme.com\/accesibilidad\/#primaryimage\"},\"thumbnailUrl\":\"https:\/\/sogepyme.com\/wp-content\/uploads\/2022\/12\/SOGEPYME-ahombre-pantalla-de-control-scaled.jpg\",\"datePublished\":\"2022-11-30T12:24:28+00:00\",\"dateModified\":\"2023-03-10T09:31:00+00:00\",\"description\":\"Ingenier\u00eda especializada en el sector de las renovables.\",\"breadcrumb\":{\"@id\":\"https:\/\/sogepyme.com\/accesibilidad\/#breadcrumb\"},\"inLanguage\":\"pt-PT\",\"potentialAction\":[{\"@type\":\"ReadAction\",\"target\":[\"https:\/\/sogepyme.com\/accesibilidad\/\"]}]},{\"@type\":\"ImageObject\",\"inLanguage\":\"pt-PT\",\"@id\":\"https:\/\/sogepyme.com\/accesibilidad\/#primaryimage\",\"url\":\"https:\/\/sogepyme.com\/wp-content\/uploads\/2022\/12\/SOGEPYME-ahombre-pantalla-de-control-scaled.jpg\",\"contentUrl\":\"https:\/\/sogepyme.com\/wp-content\/uploads\/2022\/12\/SOGEPYME-ahombre-pantalla-de-control-scaled.jpg\",\"width\":1920,\"height\":1282,\"caption\":\"Imagen recortada de un especialista en TI trabajando en el c\u00f3digo\"},{\"@type\":\"BreadcrumbList\",\"@id\":\"https:\/\/sogepyme.com\/accesibilidad\/#breadcrumb\",\"itemListElement\":[{\"@type\":\"ListItem\",\"position\":1,\"name\":\"Inicio\",\"item\":\"https:\/\/sogepyme.com\/\"},{\"@type\":\"ListItem\",\"position\":2,\"name\":\"Accesibilidad\"}]},{\"@type\":\"WebSite\",\"@id\":\"https:\/\/sogepyme.com\/#website\",\"url\":\"https:\/\/sogepyme.com\/\",\"name\":\"Sogepyme\",\"description\":\"Ingenier\u00eda de las energ\u00edas renovables\",\"publisher\":{\"@id\":\"https:\/\/sogepyme.com\/#organization\"},\"potentialAction\":[{\"@type\":\"SearchAction\",\"target\":{\"@type\":\"EntryPoint\",\"urlTemplate\":\"https:\/\/sogepyme.com\/?s={search_term_string}\"},\"query-input\":{\"@type\":\"PropertyValueSpecification\",\"valueRequired\":true,\"valueName\":\"search_term_string\"}}],\"inLanguage\":\"pt-PT\"},{\"@type\":\"Organization\",\"@id\":\"https:\/\/sogepyme.com\/#organization\",\"name\":\"Sogepyme, S.A.\",\"alternateName\":\"Sogepyme\",\"url\":\"https:\/\/sogepyme.com\/\",\"logo\":{\"@type\":\"ImageObject\",\"inLanguage\":\"pt-PT\",\"@id\":\"https:\/\/sogepyme.com\/#\/schema\/logo\/image\/\",\"url\":\"https:\/\/sogepyme.com\/wp-content\/uploads\/2022\/12\/Favicon-SOGEPYME.png\",\"contentUrl\":\"https:\/\/sogepyme.com\/wp-content\/uploads\/2022\/12\/Favicon-SOGEPYME.png\",\"width\":512,\"height\":512,\"caption\":\"Sogepyme, S.A.\"},\"image\":{\"@id\":\"https:\/\/sogepyme.com\/#\/schema\/logo\/image\/\"}}]}<\/script>\n<!-- \/ Yoast SEO plugin. -->","yoast_head_json":{"title":"Accesibilidad | Sogepyme","description":"Ingenier\u00eda especializada en el sector de las renovables.","robots":{"index":"index","follow":"follow","max-snippet":"max-snippet:-1","max-image-preview":"max-image-preview:large","max-video-preview":"max-video-preview:-1"},"canonical":"https:\/\/sogepyme.com\/pt\/accesibilidad\/","og_locale":"pt_PT","og_type":"article","og_title":"Accesibilidad | Sogepyme","og_description":"Ingenier\u00eda especializada en el sector de las renovables.","og_url":"https:\/\/sogepyme.com\/pt\/accesibilidad\/","og_site_name":"Sogepyme","article_modified_time":"2023-03-10T09:31:00+00:00","og_image":[{"width":1920,"height":1282,"url":"https:\/\/sogepyme.com\/wp-content\/uploads\/2022\/12\/SOGEPYME-ahombre-pantalla-de-control-scaled.jpg","type":"image\/jpeg"}],"twitter_card":"summary_large_image","schema":{"@context":"https:\/\/schema.org","@graph":[{"@type":"WebPage","@id":"https:\/\/sogepyme.com\/accesibilidad\/","url":"https:\/\/sogepyme.com\/accesibilidad\/","name":"Accesibilidad | Sogepyme","isPartOf":{"@id":"https:\/\/sogepyme.com\/#website"},"primaryImageOfPage":{"@id":"https:\/\/sogepyme.com\/accesibilidad\/#primaryimage"},"image":{"@id":"https:\/\/sogepyme.com\/accesibilidad\/#primaryimage"},"thumbnailUrl":"https:\/\/sogepyme.com\/wp-content\/uploads\/2022\/12\/SOGEPYME-ahombre-pantalla-de-control-scaled.jpg","datePublished":"2022-11-30T12:24:28+00:00","dateModified":"2023-03-10T09:31:00+00:00","description":"Ingenier\u00eda especializada en el sector de las renovables.","breadcrumb":{"@id":"https:\/\/sogepyme.com\/accesibilidad\/#breadcrumb"},"inLanguage":"pt-PT","potentialAction":[{"@type":"ReadAction","target":["https:\/\/sogepyme.com\/accesibilidad\/"]}]},{"@type":"ImageObject","inLanguage":"pt-PT","@id":"https:\/\/sogepyme.com\/accesibilidad\/#primaryimage","url":"https:\/\/sogepyme.com\/wp-content\/uploads\/2022\/12\/SOGEPYME-ahombre-pantalla-de-control-scaled.jpg","contentUrl":"https:\/\/sogepyme.com\/wp-content\/uploads\/2022\/12\/SOGEPYME-ahombre-pantalla-de-control-scaled.jpg","width":1920,"height":1282,"caption":"Imagen recortada de un especialista en TI trabajando en el c\u00f3digo"},{"@type":"BreadcrumbList","@id":"https:\/\/sogepyme.com\/accesibilidad\/#breadcrumb","itemListElement":[{"@type":"ListItem","position":1,"name":"Inicio","item":"https:\/\/sogepyme.com\/"},{"@type":"ListItem","position":2,"name":"Accesibilidad"}]},{"@type":"WebSite","@id":"https:\/\/sogepyme.com\/#website","url":"https:\/\/sogepyme.com\/","name":"Sogepyme","description":"Ingenier\u00eda de las energ\u00edas renovables","publisher":{"@id":"https:\/\/sogepyme.com\/#organization"},"potentialAction":[{"@type":"SearchAction","target":{"@type":"EntryPoint","urlTemplate":"https:\/\/sogepyme.com\/?s={search_term_string}"},"query-input":{"@type":"PropertyValueSpecification","valueRequired":true,"valueName":"search_term_string"}}],"inLanguage":"pt-PT"},{"@type":"Organization","@id":"https:\/\/sogepyme.com\/#organization","name":"Sogepyme, S.A.","alternateName":"Sogepyme","url":"https:\/\/sogepyme.com\/","logo":{"@type":"ImageObject","inLanguage":"pt-PT","@id":"https:\/\/sogepyme.com\/#\/schema\/logo\/image\/","url":"https:\/\/sogepyme.com\/wp-content\/uploads\/2022\/12\/Favicon-SOGEPYME.png","contentUrl":"https:\/\/sogepyme.com\/wp-content\/uploads\/2022\/12\/Favicon-SOGEPYME.png","width":512,"height":512,"caption":"Sogepyme, S.A."},"image":{"@id":"https:\/\/sogepyme.com\/#\/schema\/logo\/image\/"}}]}},"_links":{"self":[{"href":"https:\/\/sogepyme.com\/pt\/wp-json\/wp\/v2\/pages\/64","targetHints":{"allow":["GET"]}}],"collection":[{"href":"https:\/\/sogepyme.com\/pt\/wp-json\/wp\/v2\/pages"}],"about":[{"href":"https:\/\/sogepyme.com\/pt\/wp-json\/wp\/v2\/types\/page"}],"author":[{"embeddable":true,"href":"https:\/\/sogepyme.com\/pt\/wp-json\/wp\/v2\/users\/1"}],"replies":[{"embeddable":true,"href":"https:\/\/sogepyme.com\/pt\/wp-json\/wp\/v2\/comments?post=64"}],"version-history":[{"count":5,"href":"https:\/\/sogepyme.com\/pt\/wp-json\/wp\/v2\/pages\/64\/revisions"}],"predecessor-version":[{"id":2890,"href":"https:\/\/sogepyme.com\/pt\/wp-json\/wp\/v2\/pages\/64\/revisions\/2890"}],"wp:featuredmedia":[{"embeddable":true,"href":"https:\/\/sogepyme.com\/pt\/wp-json\/wp\/v2\/media\/99"}],"wp:attachment":[{"href":"https:\/\/sogepyme.com\/pt\/wp-json\/wp\/v2\/media?parent=64"}],"curies":[{"name":"wp","href":"https:\/\/api.w.org\/{rel}","templated":true}]}}