{"id":88,"date":"2022-12-05T14:03:52","date_gmt":"2022-12-05T13:03:52","guid":{"rendered":"http:\/\/sogepyme.com\/?page_id=88"},"modified":"2023-03-10T10:29:50","modified_gmt":"2023-03-10T09:29:50","slug":"politica-de-cookies","status":"publish","type":"page","link":"https:\/\/sogepyme.com\/de\/politica-de-cookies\/","title":{"rendered":"Cookie-Richtlinie"},"content":{"rendered":"<div data-elementor-type=\"wp-page\" data-elementor-id=\"88\" class=\"elementor elementor-88\" data-elementor-post-type=\"page\">\n\t\t\t\t\t\t<section class=\"elementor-section elementor-top-section elementor-element elementor-element-037d3e8 elementor-section-full_width elementor-section-height-default elementor-section-height-default\" data-id=\"037d3e8\" data-element_type=\"section\" data-settings=\"{&quot;background_background&quot;:&quot;classic&quot;,&quot;background_motion_fx_motion_fx_scrolling&quot;:&quot;yes&quot;,&quot;background_motion_fx_devices&quot;:[&quot;desktop&quot;,&quot;tablet&quot;,&quot;mobile&quot;]}\">\n\t\t\t\t\t\t\t<div class=\"elementor-background-overlay\"><\/div>\n\t\t\t\t\t\t\t<div class=\"elementor-container elementor-column-gap-no\">\n\t\t\t\t\t<div class=\"elementor-column elementor-col-100 elementor-top-column elementor-element elementor-element-df23c79\" data-id=\"df23c79\" data-element_type=\"column\">\n\t\t\t<div class=\"elementor-widget-wrap elementor-element-populated\">\n\t\t\t\t\t\t<div class=\"elementor-element elementor-element-1892355 elementor-widget__width-auto elementor-mobile-align-center elementor-widget-mobile__width-auto elementor-widget elementor-widget-breadcrumbs\" data-id=\"1892355\" data-element_type=\"widget\" data-widget_type=\"breadcrumbs.default\">\n\t\t\t\t<div class=\"elementor-widget-container\">\n\t\t\t\t\t<p id=\"breadcrumbs\"><span><span><a href=\"https:\/\/sogepyme.com\/de\">Start<\/a><\/span><\/span><\/p>\t\t\t\t<\/div>\n\t\t\t\t<\/div>\n\t\t\t\t<div class=\"elementor-element elementor-element-a5017f4 elementor-invisible elementor-widget elementor-widget-heading\" data-id=\"a5017f4\" data-element_type=\"widget\" data-settings=\"{&quot;_animation&quot;:&quot;fadeInLeft&quot;}\" data-widget_type=\"heading.default\">\n\t\t\t\t<div class=\"elementor-widget-container\">\n\t\t\t\t\t<h1 class=\"elementor-heading-title elementor-size-default\">COOKIES-RICHTLINIE<\/h1>\t\t\t\t<\/div>\n\t\t\t\t<\/div>\n\t\t\t\t<div class=\"elementor-element elementor-element-4249182 elementor-widget elementor-widget-text-editor\" data-id=\"4249182\" data-element_type=\"widget\" data-widget_type=\"text-editor.default\">\n\t\t\t\t<div class=\"elementor-widget-container\">\n\t\t\t\t\t\t\t\t\t<p style=\"text-align: center;\">Informationen dar\u00fcber, welche Art von Cookies wir auf dieser Website verwenden und zu welchem Zweck.<\/p>\t\t\t\t\t\t\t\t<\/div>\n\t\t\t\t<\/div>\n\t\t\t\t<section class=\"elementor-section elementor-inner-section elementor-element elementor-element-b6538c0 elementor-section-boxed elementor-section-height-default elementor-section-height-default\" data-id=\"b6538c0\" data-element_type=\"section\">\n\t\t\t\t\t\t<div class=\"elementor-container elementor-column-gap-default\">\n\t\t\t\t\t<div class=\"elementor-column elementor-col-100 elementor-inner-column elementor-element elementor-element-e1085fa\" data-id=\"e1085fa\" data-element_type=\"column\">\n\t\t\t<div class=\"elementor-widget-wrap\">\n\t\t\t\t\t\t\t<\/div>\n\t\t<\/div>\n\t\t\t\t\t<\/div>\n\t\t<\/section>\n\t\t\t\t\t<\/div>\n\t\t<\/div>\n\t\t\t\t\t<\/div>\n\t\t<\/section>\n\t\t\t\t<section class=\"elementor-section elementor-top-section elementor-element elementor-element-be9c6 elementor-section-boxed elementor-section-height-default elementor-section-height-default\" data-id=\"be9c6\" data-element_type=\"section\">\n\t\t\t\t\t\t<div class=\"elementor-container elementor-column-gap-default\">\n\t\t\t\t\t<div class=\"elementor-column elementor-col-100 elementor-top-column elementor-element elementor-element-248a33e4\" data-id=\"248a33e4\" data-element_type=\"column\">\n\t\t\t<div class=\"elementor-widget-wrap elementor-element-populated\">\n\t\t\t\t\t\t<div class=\"elementor-element elementor-element-2c1ba3a3 elementor-widget elementor-widget-text-editor\" data-id=\"2c1ba3a3\" data-element_type=\"widget\" data-widget_type=\"text-editor.default\">\n\t\t\t\t<div class=\"elementor-widget-container\">\n\t\t\t\t\t\t\t\t\t<p>Diese Website verwendet Cookies. Hier erkl\u00e4ren wir, was Cookies sind und wie wir sie auf unserer Website verwenden. Sie k\u00f6nnen Ihre Cookie-Einstellungen jederzeit \u00e4ndern:<\/p>\n<p style=\"text-align: center;\"><a href=\"#\" class=\"_brlbs-btn-cookie-preference borlabs-cookie-preference\">Cookie-Einstellungen<\/a><\/p>\n<p><\/p>\n<p><span style=\"color: var( --e-global-color-text ); font-size: 1.2rem; letter-spacing: 0px;\"><br><\/span><\/p><p><span style=\"color: var( --e-global-color-text ); font-size: 1.2rem; letter-spacing: 0px;\">In \u00dcbereinstimmung mit dem Gesetz 34\/2002 vom 11. Juli \u00fcber Dienste der Informationsgesellschaft und des elektronischen Handels informieren wir Sie, dass diese Website, wie die meisten Internetseiten, Cookies verwendet, um die Benutzererfahrung zu verbessern und zu optimieren.<\/span><br><\/p>\n<p>Nachfolgend finden Sie detaillierte Informationen dar\u00fcber, was Cookies sind, welche Art diese Website verwendet, wie Sie Ihre Cookie-Einstellungen \u00e4ndern und was passiert, wenn Sie Cookies deaktivieren.<\/p>\t\t\t\t\t\t\t\t<\/div>\n\t\t\t\t<\/div>\n\t\t\t\t<div class=\"elementor-element elementor-element-cf2ba08 elementor-invisible elementor-widget elementor-widget-heading\" data-id=\"cf2ba08\" data-element_type=\"widget\" data-settings=\"{&quot;_animation&quot;:&quot;fadeIn&quot;}\" data-widget_type=\"heading.default\">\n\t\t\t\t<div class=\"elementor-widget-container\">\n\t\t\t\t\t<h2 class=\"elementor-heading-title elementor-size-default\">Was sind Cookies?<\/h2>\t\t\t\t<\/div>\n\t\t\t\t<\/div>\n\t\t\t\t<div class=\"elementor-element elementor-element-be922da elementor-widget elementor-widget-text-editor\" data-id=\"be922da\" data-element_type=\"widget\" data-widget_type=\"text-editor.default\">\n\t\t\t\t<div class=\"elementor-widget-container\">\n\t\t\t\t\t\t\t\t\tEin Cookie ist eine kleine Datei, die auf den Computer des Benutzers heruntergeladen wird, um Daten zu speichern, die von der f\u00fcr ihre Installation verantwortlichen Stelle aktualisiert und wiederhergestellt werden k\u00f6nnen.\t\t\t\t\t\t\t\t<\/div>\n\t\t\t\t<\/div>\n\t\t\t\t<div class=\"elementor-element elementor-element-0e94ec9 elementor-invisible elementor-widget elementor-widget-heading\" data-id=\"0e94ec9\" data-element_type=\"widget\" data-settings=\"{&quot;_animation&quot;:&quot;fadeIn&quot;}\" data-widget_type=\"heading.default\">\n\t\t\t\t<div class=\"elementor-widget-container\">\n\t\t\t\t\t<h2 class=\"elementor-heading-title elementor-size-default\">Welche Art von Cookies verwendet diese Website?<\/h2>\t\t\t\t<\/div>\n\t\t\t\t<\/div>\n\t\t\t\t<div class=\"elementor-element elementor-element-a4b6e11 elementor-widget elementor-widget-text-editor\" data-id=\"a4b6e11\" data-element_type=\"widget\" data-widget_type=\"text-editor.default\">\n\t\t\t\t<div class=\"elementor-widget-container\">\n\t\t\t\t\t\t\t\t\tNachfolgend finden Sie eine Tabelle mit den auf dieser Website verwendeten Cookies. \u00dcber die \u00dcbermittlungen in Drittl\u00e4nder, die gegebenenfalls von den in dieser Cookie-Richtlinie genannten Dritten vorgenommen werden, k\u00f6nnen Sie sich in deren entsprechenden Richtlinien informieren.\n\n<div class=\"BorlabsCookie\"><h3 class=\"_brlbs _brlbs-cg-essential\">Essentiell<\/h3><p class=\"_brlbs _brlbs-cg-essential\">Essenzielle Cookies erm\u00f6glichen grundlegende Funktionen und sind f\u00fcr das reibungslose Funktionieren der Website erforderlich.<\/p><h4 class=\"_brlbs _brlbs-c-borlabs-cookie\">Borlabs-Keks<\/h4><div class=\"_brlbs-responsive-table\"><table class=\"_brlbs _brlbs-c-borlabs-cookie\"><tr><th scope=\"row\">Name<\/th><td>Borlabs-Keks<\/td><\/tr><tr><th scope=\"row\">Anbieter<\/th><td>Inhaber dieser Website<span>, <\/span><a href=\"https:\/\/sogepyme.com\/de\/aviso-legal\/\">Rechtlicher Hinweis<\/a><\/td><\/tr><tr><th scope=\"row\">Zweck<\/th><td>Speichert ausgew\u00e4hlte Besuchereinstellungen in der Borlabs Cookie Cookie Box.<\/td><\/tr><tr><th scope=\"row\">Cookie-Name<\/th><td>borlabs-cookie<\/td><\/tr><tr><th scope=\"row\">Cookie-Ablauf<\/th><td>1 Jahr<\/td><\/tr><\/table><\/div><h3 class=\"_brlbs _brlbs-cg-statistics\">Statistiken<\/h3><p class=\"_brlbs _brlbs-cg-statistics\">Statistik-Cookies sammeln anonym Informationen. Diese Informationen helfen uns zu verstehen, wie unsere Besucher unsere Website nutzen.<\/p><h4 class=\"_brlbs _brlbs-c-google-analytics\">Google Analytics<\/h4><div class=\"_brlbs-responsive-table\"><table class=\"_brlbs _brlbs-c-google-analytics\"><tr><th scope=\"row\">Name<\/th><td>Google Analytics<\/td><\/tr><tr><th scope=\"row\">Anbieter<\/th><td>Google Ireland Limited, Gordon House, Barrow Street, Dublin 4, Irland<\/td><\/tr><tr><th scope=\"row\">Zweck<\/th><td>Google-Cookie, das f\u00fcr die Website-Analyse verwendet wird. Erzeugt statistische Daten dar\u00fcber, wie der Besucher die Website nutzt.<\/td><\/tr><tr><th scope=\"row\">Datenschutz-Bestimmungen<\/th><td><a href=\"https:\/\/policies.google.com\/privacy?hl=en\" target=\"_blank\" rel=\"nofollow noopener noreferrer\">https:\/\/policies.google.com\/privacy?hl=en<\/a><\/td><\/tr><tr><th scope=\"row\">Cookie-Name<\/th><td>_ga,_gat,_gid<\/td><\/tr><tr><th scope=\"row\">Cookie-Ablauf<\/th><td>2 Monate<\/td><\/tr><\/table><\/div><h3 class=\"_brlbs _brlbs-cg-marketing\">Marketing<\/h3><p class=\"_brlbs _brlbs-cg-marketing\">Marketing-Cookies werden von Drittanbietern oder Publishern verwendet, um personalisierte Werbung anzuzeigen. Sie tun dies, indem sie Besucher \u00fcber Websites hinweg verfolgen.<\/p><h3 class=\"_brlbs _brlbs-cg-external-media\">externe Medien<\/h3><p class=\"_brlbs _brlbs-cg-external-media\">Inhalte von Videoplattformen und Social-Media-Plattformen werden standardm\u00e4\u00dfig blockiert. Wenn Cookies von externen Medien akzeptiert werden, bedarf der Zugriff auf diese Inhalte keiner manuellen Zustimmung mehr.<\/p><h4 class=\"_brlbs _brlbs-c-googlemaps\">Google Maps<\/h4><div class=\"_brlbs-responsive-table\"><table class=\"_brlbs _brlbs-c-googlemaps\"><tr><th scope=\"row\">Name<\/th><td>Google Maps<\/td><\/tr><tr><th scope=\"row\">Anbieter<\/th><td>Google Ireland Limited, Gordon House, Barrow Street, Dublin 4, Irland<\/td><\/tr><tr><th scope=\"row\">Zweck<\/th><td>Es wird verwendet, um den Inhalt von Google Maps zu entsperren.<\/td><\/tr><tr><th scope=\"row\">Datenschutz-Bestimmungen<\/th><td><a href=\"https:\/\/policies.google.com\/privacy?hl=enl=en\" target=\"_blank\" rel=\"nofollow noopener noreferrer\">https:\/\/policies.google.com\/privacy?hl=enl=en<\/a><\/td><\/tr><tr><th scope=\"row\">Gastgeber<\/th><td>.Google de<\/td><\/tr><tr><th scope=\"row\">Cookie-Name<\/th><td>NID<\/td><\/tr><tr><th scope=\"row\">Cookie-Ablauf<\/th><td>6 Monate<\/td><\/tr><\/table><\/div><\/div>\t\t\t\t\t\t\t\t<\/div>\n\t\t\t\t<\/div>\n\t\t\t\t<div class=\"elementor-element elementor-element-f875825 elementor-invisible elementor-widget elementor-widget-heading\" data-id=\"f875825\" data-element_type=\"widget\" data-settings=\"{&quot;_animation&quot;:&quot;fadeIn&quot;}\" data-widget_type=\"heading.default\">\n\t\t\t\t<div class=\"elementor-widget-container\">\n\t\t\t\t\t<h2 class=\"elementor-heading-title elementor-size-default\">Wie k\u00f6nnen Sie Ihre Cookies konfigurieren?<\/h2>\t\t\t\t<\/div>\n\t\t\t\t<\/div>\n\t\t\t\t<div class=\"elementor-element elementor-element-ac26168 elementor-widget elementor-widget-text-editor\" data-id=\"ac26168\" data-element_type=\"widget\" data-widget_type=\"text-editor.default\">\n\t\t\t\t<div class=\"elementor-widget-container\">\n\t\t\t\t\t\t\t\t\t<p>Indem Sie auf unserer Website surfen und fortfahren, stimmen Sie der Verwendung von Cookies unter den in dieser Cookie-Richtlinie enthaltenen Bedingungen zu. Als Benutzer haben Sie jederzeit die M\u00f6glichkeit, Ihr Recht auf Sperrung, Beseitigung und Ablehnung der Verwendung von Cookies auszu\u00fcben, indem Sie Ihre Browseroptionen \u00e4ndern.<\/p><p>Zum Beispiel:<\/p><ol><li>Internet Explorer: Extras &gt; Internetoptionen &gt; Datenschutz &gt; Einstellungen. Weitere Informationen erhalten Sie beim Microsoft-Support oder in der Hilfe des Browsers.<\/li><li>Mozilla Firefox: Extras &gt; Optionen &gt; Datenschutz &gt; Verlauf &gt; Benutzerdefinierte Einstellungen. Weitere Informationen erhalten Sie beim Mozilla-Support oder in der Hilfe des Browsers.<\/li><li>Google Chrome: Einstellungen&gt; Erweiterte Optionen anzeigen&gt; Datenschutz -&gt; Inhaltseinstellungen. Weitere Informationen erhalten Sie beim Google-Support oder in der Hilfe des Browsers.<\/li><li>Safari: Einstellungen &gt; Sicherheit. Weitere Informationen erhalten Sie beim Apple-Support oder in der Hilfe des Browsers.<\/li><li>Opera: Einstellungen &gt; Optionen &gt; Erweitert &gt; Cookies Weitere Informationen erhalten Sie beim Opera-Support oder in der Hilfe des Browsers.<\/li><\/ol><p>Wenn Sie einen anderen Browser als die oben genannten verwenden, \u00fcberpr\u00fcfen Sie dessen Cookie-Installations-, Verwendungs- und Blockierungsrichtlinie.<\/p>\t\t\t\t\t\t\t\t<\/div>\n\t\t\t\t<\/div>\n\t\t\t\t<div class=\"elementor-element elementor-element-966961d elementor-invisible elementor-widget elementor-widget-heading\" data-id=\"966961d\" data-element_type=\"widget\" data-settings=\"{&quot;_animation&quot;:&quot;fadeIn&quot;}\" data-widget_type=\"heading.default\">\n\t\t\t\t<div class=\"elementor-widget-container\">\n\t\t\t\t\t<h2 class=\"elementor-heading-title elementor-size-default\">Ihr Einwilligungsverlauf<\/h2>\t\t\t\t<\/div>\n\t\t\t\t<\/div>\n\t\t\t\t<div class=\"elementor-element elementor-element-e944ef3 elementor-widget elementor-widget-text-editor\" data-id=\"e944ef3\" data-element_type=\"widget\" data-widget_type=\"text-editor.default\">\n\t\t\t\t<div class=\"elementor-widget-container\">\n\t\t\t\t\t\t\t\t\t<div class=\"BorlabsCookie\" data-borlabs-cookie-consent-history><div class=\"_brlbs-responsive-table\"><table class=\"_brlbs-table\"><thead><tr><th class=\"_brlbs-table-date\" scope=\"col\">Datum<\/th><th class=\"_brlbs-table-version\" scope=\"col\">Ausf\u00fchrung<\/th><th class=\"_brlbs-table-consents\" scope=\"col\">Zustimmungen<\/th><\/tr><\/thead><\/table><\/div><\/div>\t\t\t\t\t\t\t\t<\/div>\n\t\t\t\t<\/div>\n\t\t\t\t<div class=\"elementor-element elementor-element-868024f elementor-invisible elementor-widget elementor-widget-heading\" data-id=\"868024f\" data-element_type=\"widget\" data-settings=\"{&quot;_animation&quot;:&quot;fadeIn&quot;}\" data-widget_type=\"heading.default\">\n\t\t\t\t<div class=\"elementor-widget-container\">\n\t\t\t\t\t<h2 class=\"elementor-heading-title elementor-size-default\">Was passiert, wenn Cookies deaktiviert sind?<\/h2>\t\t\t\t<\/div>\n\t\t\t\t<\/div>\n\t\t\t\t<div class=\"elementor-element elementor-element-5431dcd elementor-widget elementor-widget-text-editor\" data-id=\"5431dcd\" data-element_type=\"widget\" data-widget_type=\"text-editor.default\">\n\t\t\t\t<div class=\"elementor-widget-container\">\n\t\t\t\t\t\t\t\t\tEinige Funktionen der Dienste oder Bereiche dieser Website funktionieren m\u00f6glicherweise nicht richtig.\t\t\t\t\t\t\t\t<\/div>\n\t\t\t\t<\/div>\n\t\t\t\t<div class=\"elementor-element elementor-element-8e92a50 elementor-invisible elementor-widget elementor-widget-heading\" data-id=\"8e92a50\" data-element_type=\"widget\" data-settings=\"{&quot;_animation&quot;:&quot;fadeIn&quot;}\" data-widget_type=\"heading.default\">\n\t\t\t\t<div class=\"elementor-widget-container\">\n\t\t\t\t\t<h2 class=\"elementor-heading-title elementor-size-default\">Sollen wir unsere Cookie-Richtlinie aktualisieren?<\/h2>\t\t\t\t<\/div>\n\t\t\t\t<\/div>\n\t\t\t\t<div class=\"elementor-element elementor-element-beb312a elementor-widget elementor-widget-text-editor\" data-id=\"beb312a\" data-element_type=\"widget\" data-widget_type=\"text-editor.default\">\n\t\t\t\t<div class=\"elementor-widget-container\">\n\t\t\t\t\t\t\t\t\tEs ist m\u00f6glich, dass wir die Cookie-Richtlinie unserer Website aktualisieren, daher bitten uns unsere Anw\u00e4lte, Ihnen zu empfehlen, diese Richtlinie bei jedem Zugriff auf unsere Website zu \u00fcberpr\u00fcfen, um angemessen dar\u00fcber informiert zu sein, wie und wof\u00fcr wir Cookies verwenden. .\t\t\t\t\t\t\t\t<\/div>\n\t\t\t\t<\/div>\n\t\t\t\t\t<\/div>\n\t\t<\/div>\n\t\t\t\t\t<\/div>\n\t\t<\/section>\n\t\t\t\t<section class=\"elementor-section elementor-top-section elementor-element elementor-element-a9c6053 elementor-section-boxed elementor-section-height-default elementor-section-height-default\" data-id=\"a9c6053\" data-element_type=\"section\">\n\t\t\t\t\t\t<div class=\"elementor-container elementor-column-gap-default\">\n\t\t\t\t\t<div class=\"elementor-column elementor-col-100 elementor-top-column elementor-element elementor-element-0846ad4\" data-id=\"0846ad4\" data-element_type=\"column\">\n\t\t\t<div class=\"elementor-widget-wrap elementor-element-populated\">\n\t\t\t\t\t\t<div class=\"elementor-element elementor-element-73b4d7a elementor-align-center elementor-widget elementor-widget-button\" data-id=\"73b4d7a\" data-element_type=\"widget\" data-widget_type=\"button.default\">\n\t\t\t\t<div class=\"elementor-widget-container\">\n\t\t\t\t\t\t\t\t\t<div class=\"elementor-button-wrapper\">\n\t\t\t\t\t<a class=\"elementor-button elementor-button-link elementor-size-md elementor-animation-grow\" href=\"https:\/\/sogepyme.com\/de\/contacto\/\">\n\t\t\t\t\t\t<span class=\"elementor-button-content-wrapper\">\n\t\t\t\t\t\t\t\t\t<span class=\"elementor-button-text\">Frage nach mehr Informationen<\/span>\n\t\t\t\t\t<\/span>\n\t\t\t\t\t<\/a>\n\t\t\t\t<\/div>\n\t\t\t\t\t\t\t\t<\/div>\n\t\t\t\t<\/div>\n\t\t\t\t\t<\/div>\n\t\t<\/div>\n\t\t\t\t\t<\/div>\n\t\t<\/section>\n\t\t\t\t<\/div>","protected":false},"excerpt":{"rendered":"<p>COOKIES-RICHTLINIE Informationen \u00fcber die Art von Cookies, die wir auf dieser Website verwenden, und zu welchem Zweck. Diese Website verwendet Cookies. Hier erkl\u00e4ren wir, was Cookies sind und wie wir sie auf unserer Website verwenden. Sie k\u00f6nnen Ihre Cookie-Einstellungen jederzeit \u00e4ndern: In \u00dcbereinstimmung mit dem Gesetz 34\/2002 vom 11. [\u2026]<\/p>","protected":false},"author":1,"featured_media":99,"parent":0,"menu_order":10,"comment_status":"closed","ping_status":"closed","template":"","meta":{"footnotes":""},"class_list":["post-88","page","type-page","status-publish","has-post-thumbnail","hentry"],"yoast_head":"<!-- This site is optimized with the Yoast SEO plugin v24.4 - https:\/\/yoast.com\/wordpress\/plugins\/seo\/ -->\n<title>Pol\u00edtica de cookies | Sogepyme<\/title>\n<meta name=\"description\" content=\"Ingenier\u00eda especializada en el sector de las renovables.\" \/>\n<meta name=\"robots\" content=\"index, follow, max-snippet:-1, max-image-preview:large, max-video-preview:-1\" \/>\n<link rel=\"canonical\" href=\"https:\/\/sogepyme.com\/de\/politica-de-cookies\/\" \/>\n<meta property=\"og:locale\" content=\"de_DE\" \/>\n<meta property=\"og:type\" content=\"article\" \/>\n<meta property=\"og:title\" content=\"Pol\u00edtica de cookies | Sogepyme\" \/>\n<meta property=\"og:description\" content=\"Ingenier\u00eda especializada en el sector de las renovables.\" \/>\n<meta property=\"og:url\" content=\"https:\/\/sogepyme.com\/de\/politica-de-cookies\/\" \/>\n<meta property=\"og:site_name\" content=\"Sogepyme\" \/>\n<meta property=\"article:modified_time\" content=\"2023-03-10T09:29:50+00:00\" \/>\n<meta property=\"og:image\" content=\"https:\/\/sogepyme.com\/wp-content\/uploads\/2022\/12\/SOGEPYME-ahombre-pantalla-de-control-scaled.jpg\" \/>\n\t<meta property=\"og:image:width\" content=\"1920\" \/>\n\t<meta property=\"og:image:height\" content=\"1282\" \/>\n\t<meta property=\"og:image:type\" content=\"image\/jpeg\" \/>\n<meta name=\"twitter:card\" content=\"summary_large_image\" \/>\n<script type=\"application\/ld+json\" class=\"yoast-schema-graph\">{\"@context\":\"https:\/\/schema.org\",\"@graph\":[{\"@type\":\"WebPage\",\"@id\":\"https:\/\/sogepyme.com\/politica-de-cookies\/\",\"url\":\"https:\/\/sogepyme.com\/politica-de-cookies\/\",\"name\":\"Pol\u00edtica de cookies | Sogepyme\",\"isPartOf\":{\"@id\":\"https:\/\/sogepyme.com\/#website\"},\"primaryImageOfPage\":{\"@id\":\"https:\/\/sogepyme.com\/politica-de-cookies\/#primaryimage\"},\"image\":{\"@id\":\"https:\/\/sogepyme.com\/politica-de-cookies\/#primaryimage\"},\"thumbnailUrl\":\"https:\/\/sogepyme.com\/wp-content\/uploads\/2022\/12\/SOGEPYME-ahombre-pantalla-de-control-scaled.jpg\",\"datePublished\":\"2022-12-05T13:03:52+00:00\",\"dateModified\":\"2023-03-10T09:29:50+00:00\",\"description\":\"Ingenier\u00eda especializada en el sector de las renovables.\",\"breadcrumb\":{\"@id\":\"https:\/\/sogepyme.com\/politica-de-cookies\/#breadcrumb\"},\"inLanguage\":\"de\",\"potentialAction\":[{\"@type\":\"ReadAction\",\"target\":[\"https:\/\/sogepyme.com\/politica-de-cookies\/\"]}]},{\"@type\":\"ImageObject\",\"inLanguage\":\"de\",\"@id\":\"https:\/\/sogepyme.com\/politica-de-cookies\/#primaryimage\",\"url\":\"https:\/\/sogepyme.com\/wp-content\/uploads\/2022\/12\/SOGEPYME-ahombre-pantalla-de-control-scaled.jpg\",\"contentUrl\":\"https:\/\/sogepyme.com\/wp-content\/uploads\/2022\/12\/SOGEPYME-ahombre-pantalla-de-control-scaled.jpg\",\"width\":1920,\"height\":1282,\"caption\":\"Imagen recortada de un especialista en TI trabajando en el c\u00f3digo\"},{\"@type\":\"BreadcrumbList\",\"@id\":\"https:\/\/sogepyme.com\/politica-de-cookies\/#breadcrumb\",\"itemListElement\":[{\"@type\":\"ListItem\",\"position\":1,\"name\":\"Inicio\",\"item\":\"https:\/\/sogepyme.com\/\"},{\"@type\":\"ListItem\",\"position\":2,\"name\":\"Pol\u00edtica de cookies\"}]},{\"@type\":\"WebSite\",\"@id\":\"https:\/\/sogepyme.com\/#website\",\"url\":\"https:\/\/sogepyme.com\/\",\"name\":\"Sogepyme\",\"description\":\"Ingenier\u00eda de las energ\u00edas renovables\",\"publisher\":{\"@id\":\"https:\/\/sogepyme.com\/#organization\"},\"potentialAction\":[{\"@type\":\"SearchAction\",\"target\":{\"@type\":\"EntryPoint\",\"urlTemplate\":\"https:\/\/sogepyme.com\/?s={search_term_string}\"},\"query-input\":{\"@type\":\"PropertyValueSpecification\",\"valueRequired\":true,\"valueName\":\"search_term_string\"}}],\"inLanguage\":\"de\"},{\"@type\":\"Organization\",\"@id\":\"https:\/\/sogepyme.com\/#organization\",\"name\":\"Sogepyme, S.A.\",\"alternateName\":\"Sogepyme\",\"url\":\"https:\/\/sogepyme.com\/\",\"logo\":{\"@type\":\"ImageObject\",\"inLanguage\":\"de\",\"@id\":\"https:\/\/sogepyme.com\/#\/schema\/logo\/image\/\",\"url\":\"https:\/\/sogepyme.com\/wp-content\/uploads\/2022\/12\/Favicon-SOGEPYME.png\",\"contentUrl\":\"https:\/\/sogepyme.com\/wp-content\/uploads\/2022\/12\/Favicon-SOGEPYME.png\",\"width\":512,\"height\":512,\"caption\":\"Sogepyme, S.A.\"},\"image\":{\"@id\":\"https:\/\/sogepyme.com\/#\/schema\/logo\/image\/\"}}]}<\/script>\n<!-- \/ Yoast SEO plugin. -->","yoast_head_json":{"title":"Pol\u00edtica de cookies | Sogepyme","description":"Ingenier\u00eda especializada en el sector de las renovables.","robots":{"index":"index","follow":"follow","max-snippet":"max-snippet:-1","max-image-preview":"max-image-preview:large","max-video-preview":"max-video-preview:-1"},"canonical":"https:\/\/sogepyme.com\/de\/politica-de-cookies\/","og_locale":"de_DE","og_type":"article","og_title":"Pol\u00edtica de cookies | Sogepyme","og_description":"Ingenier\u00eda especializada en el sector de las renovables.","og_url":"https:\/\/sogepyme.com\/de\/politica-de-cookies\/","og_site_name":"Sogepyme","article_modified_time":"2023-03-10T09:29:50+00:00","og_image":[{"width":1920,"height":1282,"url":"https:\/\/sogepyme.com\/wp-content\/uploads\/2022\/12\/SOGEPYME-ahombre-pantalla-de-control-scaled.jpg","type":"image\/jpeg"}],"twitter_card":"summary_large_image","schema":{"@context":"https:\/\/schema.org","@graph":[{"@type":"WebPage","@id":"https:\/\/sogepyme.com\/politica-de-cookies\/","url":"https:\/\/sogepyme.com\/politica-de-cookies\/","name":"Pol\u00edtica de cookies | Sogepyme","isPartOf":{"@id":"https:\/\/sogepyme.com\/#website"},"primaryImageOfPage":{"@id":"https:\/\/sogepyme.com\/politica-de-cookies\/#primaryimage"},"image":{"@id":"https:\/\/sogepyme.com\/politica-de-cookies\/#primaryimage"},"thumbnailUrl":"https:\/\/sogepyme.com\/wp-content\/uploads\/2022\/12\/SOGEPYME-ahombre-pantalla-de-control-scaled.jpg","datePublished":"2022-12-05T13:03:52+00:00","dateModified":"2023-03-10T09:29:50+00:00","description":"Ingenier\u00eda especializada en el sector de las renovables.","breadcrumb":{"@id":"https:\/\/sogepyme.com\/politica-de-cookies\/#breadcrumb"},"inLanguage":"de","potentialAction":[{"@type":"ReadAction","target":["https:\/\/sogepyme.com\/politica-de-cookies\/"]}]},{"@type":"ImageObject","inLanguage":"de","@id":"https:\/\/sogepyme.com\/politica-de-cookies\/#primaryimage","url":"https:\/\/sogepyme.com\/wp-content\/uploads\/2022\/12\/SOGEPYME-ahombre-pantalla-de-control-scaled.jpg","contentUrl":"https:\/\/sogepyme.com\/wp-content\/uploads\/2022\/12\/SOGEPYME-ahombre-pantalla-de-control-scaled.jpg","width":1920,"height":1282,"caption":"Imagen recortada de un especialista en TI trabajando en el c\u00f3digo"},{"@type":"BreadcrumbList","@id":"https:\/\/sogepyme.com\/politica-de-cookies\/#breadcrumb","itemListElement":[{"@type":"ListItem","position":1,"name":"Inicio","item":"https:\/\/sogepyme.com\/"},{"@type":"ListItem","position":2,"name":"Pol\u00edtica de cookies"}]},{"@type":"WebSite","@id":"https:\/\/sogepyme.com\/#website","url":"https:\/\/sogepyme.com\/","name":"Sogepyme","description":"Ingenier\u00eda de las energ\u00edas renovables","publisher":{"@id":"https:\/\/sogepyme.com\/#organization"},"potentialAction":[{"@type":"SearchAction","target":{"@type":"EntryPoint","urlTemplate":"https:\/\/sogepyme.com\/?s={search_term_string}"},"query-input":{"@type":"PropertyValueSpecification","valueRequired":true,"valueName":"search_term_string"}}],"inLanguage":"de"},{"@type":"Organization","@id":"https:\/\/sogepyme.com\/#organization","name":"Sogepyme, S.A.","alternateName":"Sogepyme","url":"https:\/\/sogepyme.com\/","logo":{"@type":"ImageObject","inLanguage":"de","@id":"https:\/\/sogepyme.com\/#\/schema\/logo\/image\/","url":"https:\/\/sogepyme.com\/wp-content\/uploads\/2022\/12\/Favicon-SOGEPYME.png","contentUrl":"https:\/\/sogepyme.com\/wp-content\/uploads\/2022\/12\/Favicon-SOGEPYME.png","width":512,"height":512,"caption":"Sogepyme, S.A."},"image":{"@id":"https:\/\/sogepyme.com\/#\/schema\/logo\/image\/"}}]}},"_links":{"self":[{"href":"https:\/\/sogepyme.com\/de\/wp-json\/wp\/v2\/pages\/88","targetHints":{"allow":["GET"]}}],"collection":[{"href":"https:\/\/sogepyme.com\/de\/wp-json\/wp\/v2\/pages"}],"about":[{"href":"https:\/\/sogepyme.com\/de\/wp-json\/wp\/v2\/types\/page"}],"author":[{"embeddable":true,"href":"https:\/\/sogepyme.com\/de\/wp-json\/wp\/v2\/users\/1"}],"replies":[{"embeddable":true,"href":"https:\/\/sogepyme.com\/de\/wp-json\/wp\/v2\/comments?post=88"}],"version-history":[{"count":5,"href":"https:\/\/sogepyme.com\/de\/wp-json\/wp\/v2\/pages\/88\/revisions"}],"predecessor-version":[{"id":2829,"href":"https:\/\/sogepyme.com\/de\/wp-json\/wp\/v2\/pages\/88\/revisions\/2829"}],"wp:featuredmedia":[{"embeddable":true,"href":"https:\/\/sogepyme.com\/de\/wp-json\/wp\/v2\/media\/99"}],"wp:attachment":[{"href":"https:\/\/sogepyme.com\/de\/wp-json\/wp\/v2\/media?parent=88"}],"curies":[{"name":"wp","href":"https:\/\/api.w.org\/{rel}","templated":true}]}}