{"id":64,"date":"2022-11-30T13:24:28","date_gmt":"2022-11-30T12:24:28","guid":{"rendered":"http:\/\/sogepyme.com\/?page_id=64"},"modified":"2023-03-10T10:31:00","modified_gmt":"2023-03-10T09:31:00","slug":"accesibilidad","status":"publish","type":"page","link":"https:\/\/sogepyme.com\/de\/accesibilidad\/","title":{"rendered":"Barrierefreiheit"},"content":{"rendered":"<div data-elementor-type=\"wp-page\" data-elementor-id=\"64\" class=\"elementor elementor-64\" data-elementor-post-type=\"page\">\n\t\t\t\t\t\t<section class=\"elementor-section elementor-top-section elementor-element elementor-element-36a947a elementor-section-full_width elementor-section-height-default elementor-section-height-default\" data-id=\"36a947a\" data-element_type=\"section\" data-settings=\"{&quot;background_background&quot;:&quot;classic&quot;,&quot;background_motion_fx_motion_fx_scrolling&quot;:&quot;yes&quot;,&quot;background_motion_fx_devices&quot;:[&quot;desktop&quot;,&quot;tablet&quot;,&quot;mobile&quot;]}\">\n\t\t\t\t\t\t\t<div class=\"elementor-background-overlay\"><\/div>\n\t\t\t\t\t\t\t<div class=\"elementor-container elementor-column-gap-no\">\n\t\t\t\t\t<div class=\"elementor-column elementor-col-100 elementor-top-column elementor-element elementor-element-5cd470b\" data-id=\"5cd470b\" data-element_type=\"column\" data-settings=\"{&quot;background_background&quot;:&quot;classic&quot;}\">\n\t\t\t<div class=\"elementor-widget-wrap elementor-element-populated\">\n\t\t\t\t\t\t<div class=\"elementor-element elementor-element-d1773db elementor-widget__width-auto elementor-mobile-align-center elementor-widget-mobile__width-auto elementor-widget elementor-widget-breadcrumbs\" data-id=\"d1773db\" data-element_type=\"widget\" data-widget_type=\"breadcrumbs.default\">\n\t\t\t\t<div class=\"elementor-widget-container\">\n\t\t\t\t\t<p id=\"breadcrumbs\"><span><span><a href=\"https:\/\/sogepyme.com\/de\">Start<\/a><\/span><\/span><\/p>\t\t\t\t<\/div>\n\t\t\t\t<\/div>\n\t\t\t\t<div class=\"elementor-element elementor-element-d219c1d elementor-invisible elementor-widget elementor-widget-heading\" data-id=\"d219c1d\" data-element_type=\"widget\" data-settings=\"{&quot;_animation&quot;:&quot;fadeInLeft&quot;}\" data-widget_type=\"heading.default\">\n\t\t\t\t<div class=\"elementor-widget-container\">\n\t\t\t\t\t<h1 class=\"elementor-heading-title elementor-size-default\">BARRIEREFREIHEIT<\/h1>\t\t\t\t<\/div>\n\t\t\t\t<\/div>\n\t\t\t\t<div class=\"elementor-element elementor-element-b26fb90 elementor-widget elementor-widget-text-editor\" data-id=\"b26fb90\" data-element_type=\"widget\" data-widget_type=\"text-editor.default\">\n\t\t\t\t<div class=\"elementor-widget-container\">\n\t\t\t\t\t\t\t\t\t<p style=\"text-align: center;\">Verantwortliche Erkl\u00e4rung zur Zug\u00e4nglichkeit dieser Website in \u00dcbereinstimmung mit den geltenden Vorschriften<\/p>\t\t\t\t\t\t\t\t<\/div>\n\t\t\t\t<\/div>\n\t\t\t\t\t<\/div>\n\t\t<\/div>\n\t\t\t\t\t<\/div>\n\t\t<\/section>\n\t\t\t\t<section class=\"elementor-section elementor-top-section elementor-element elementor-element-4eaeab4 elementor-section-boxed elementor-section-height-default elementor-section-height-default\" data-id=\"4eaeab4\" data-element_type=\"section\">\n\t\t\t\t\t\t<div class=\"elementor-container elementor-column-gap-default\">\n\t\t\t\t\t<div class=\"elementor-column elementor-col-100 elementor-top-column elementor-element elementor-element-ebe4b51\" data-id=\"ebe4b51\" data-element_type=\"column\">\n\t\t\t<div class=\"elementor-widget-wrap elementor-element-populated\">\n\t\t\t\t\t\t<div class=\"elementor-element elementor-element-a77d3c2 elementor-widget elementor-widget-text-editor\" data-id=\"a77d3c2\" data-element_type=\"widget\" data-widget_type=\"text-editor.default\">\n\t\t\t\t<div class=\"elementor-widget-container\">\n\t\t\t\t\t\t\t\t\t<p><strong>Sogepyme, SA<\/strong> verpflichtet sich, allen Benutzern, einschlie\u00dflich derjenigen, die sich auf unterst\u00fctzende Technologien wie Screenreader, Bildschirmvergr\u00f6\u00dferungssoftware und alternative Tastatureingabeger\u00e4te verlassen, um im Internet zu navigieren, eine vollst\u00e4ndig barrierefreie Website-Erfahrung gem\u00e4\u00df der <a class=\"ext\" href=\"https:\/\/www.boe.es\/diario_boe\/txt.php?id=BOE-A-2018-12699\" target=\"_blank\" rel=\"noopener noreferrer\" data-extlink=\"\">K\u00f6nigliches Dekret 1112\/2018 vom 7. September \u00fcber die Zug\u00e4nglichkeit von Websites und Anwendungen f\u00fcr mobile Ger\u00e4te im \u00f6ffentlichen Sektor.<\/a><\/p><p>Diese Erkl\u00e4rung zur Barrierefreiheit gilt f\u00fcr die Website: www.sogepyme.com<\/p>\t\t\t\t\t\t\t\t<\/div>\n\t\t\t\t<\/div>\n\t\t\t\t<div class=\"elementor-element elementor-element-128e471 elementor-invisible elementor-widget elementor-widget-heading\" data-id=\"128e471\" data-element_type=\"widget\" data-settings=\"{&quot;_animation&quot;:&quot;fadeIn&quot;}\" data-widget_type=\"heading.default\">\n\t\t\t\t<div class=\"elementor-widget-container\">\n\t\t\t\t\t<h2 class=\"elementor-heading-title elementor-size-default\">COMPLIANCE-STATUS<\/h2>\t\t\t\t<\/div>\n\t\t\t\t<\/div>\n\t\t\t\t<div class=\"elementor-element elementor-element-b24900a elementor-widget elementor-widget-text-editor\" data-id=\"b24900a\" data-element_type=\"widget\" data-widget_type=\"text-editor.default\">\n\t\t\t\t<div class=\"elementor-widget-container\">\n\t\t\t\t\t\t\t\t\t<p>Diese Website entspricht teilweise der RD 1112\/2018 aufgrund der Ausnahmen und der Nichtkonformit\u00e4t der im folgenden Punkt angegebenen Aspekte.<\/p>\t\t\t\t\t\t\t\t<\/div>\n\t\t\t\t<\/div>\n\t\t\t\t<div class=\"elementor-element elementor-element-965a21a elementor-invisible elementor-widget elementor-widget-heading\" data-id=\"965a21a\" data-element_type=\"widget\" data-settings=\"{&quot;_animation&quot;:&quot;fadeIn&quot;}\" data-widget_type=\"heading.default\">\n\t\t\t\t<div class=\"elementor-widget-container\">\n\t\t\t\t\t<h2 class=\"elementor-heading-title elementor-size-default\">INHALT NICHT ZUG\u00c4NGLICH<\/h2>\t\t\t\t<\/div>\n\t\t\t\t<\/div>\n\t\t\t\t<div class=\"elementor-element elementor-element-8a3378b elementor-widget elementor-widget-text-editor\" data-id=\"8a3378b\" data-element_type=\"widget\" data-widget_type=\"text-editor.default\">\n\t\t\t\t<div class=\"elementor-widget-container\">\n\t\t\t\t\t\t\t\t\t<p><span style=\"color: var( --e-global-color-text ); font-family: var( --e-global-typography-text-font-family ), Sans-serif; font-size: var( --e-global-typography-text-font-size ); font-weight: var( --e-global-typography-text-font-weight );\">Die unten aufgef\u00fchrten Inhalte sind aus folgenden Gr\u00fcnden nicht zug\u00e4nglich:<\/span><\/p><h3 style=\"padding-left: 40px;\">Nichteinhaltung von RD 1112\/2018<\/h3><p style=\"padding-left: 40px;\">Es k\u00f6nnten nach dem 20. September 2018 ver\u00f6ffentlichte Office-Dokumente in PDF- und anderen Formaten vorhanden sein, die die Barrierefreiheitsanforderungen nicht vollst\u00e4ndig erf\u00fcllen. Vollst\u00e4ndig zug\u00e4ngliche Dokumente k\u00f6nnen \u00fcber das Kontaktformular angefordert werden, um Beschwerden und Anfragen zu formalisieren.<\/p><p style=\"padding-left: 40px;\">Auf einigen Webseiten k\u00f6nnen bestimmte Bearbeitungscodefehler auftreten. [4.1.1 Verarbeitung]<\/p><h3 style=\"padding-left: 40px;\">Die Inhalte fallen nicht in den Anwendungsbereich des anwendbaren Rechts<\/h3><p style=\"padding-left: 40px;\">M\u00f6glicherweise gibt es Office-Dateien im PDF- oder anderen Format, die vor dem 20. September 2018 ver\u00f6ffentlicht wurden und nicht alle Barrierefreiheitsanforderungen vollst\u00e4ndig erf\u00fcllen. Obwohl Anstrengungen unternommen wurden, um sicherzustellen, dass die meisten von ihnen die Anforderungen erf\u00fcllen.<\/p>\t\t\t\t\t\t\t\t<\/div>\n\t\t\t\t<\/div>\n\t\t\t\t<div class=\"elementor-element elementor-element-a98d88c elementor-invisible elementor-widget elementor-widget-heading\" data-id=\"a98d88c\" data-element_type=\"widget\" data-settings=\"{&quot;_animation&quot;:&quot;fadeIn&quot;}\" data-widget_type=\"heading.default\">\n\t\t\t\t<div class=\"elementor-widget-container\">\n\t\t\t\t\t<h2 class=\"elementor-heading-title elementor-size-default\">OPTIONALE INHALTE<\/h2>\t\t\t\t<\/div>\n\t\t\t\t<\/div>\n\t\t\t\t<div class=\"elementor-element elementor-element-8ef3540 elementor-widget elementor-widget-text-editor\" data-id=\"8ef3540\" data-element_type=\"widget\" data-widget_type=\"text-editor.default\">\n\t\t\t\t<div class=\"elementor-widget-container\">\n\t\t\t\t\t\t\t\t\t<p><span style=\"color: var( --e-global-color-text ); font-family: var( --e-global-typography-text-font-family ), Sans-serif; font-size: var( --e-global-typography-text-font-size ); font-weight: var( --e-global-typography-text-font-weight );\">Diese Website ist so konzipiert, dass die Textgr\u00f6\u00dfe und -farbe sowie der Hintergrund der Seite \u00fcber die Standardkonfigurationsoptionen der Browser ge\u00e4ndert werden k\u00f6nnen.<\/span><\/p>\n<p>Wenn Sie die Schriftgr\u00f6\u00dfe des Textes in den wichtigsten Grafikbrowsern \u00e4ndern m\u00f6chten, verwenden Sie die folgenden Men\u00fcs:<\/p>\n<ul>\n<li>Internet Explorer, Mozilla und Firefox: Ansicht &gt; Textgr\u00f6\u00dfe<\/li>\n<li>Opera: Ansicht &gt; Zoom<\/li>\n<li>Safari: Ansicht &gt; Text vergr\u00f6\u00dfern<\/li>\n<li>Chrome: Aktuelle Seite steuern &gt; Textgr\u00f6\u00dfe So \u00e4ndern Sie die Gr\u00f6\u00dfe von allem auf der Seite:<\/li>\n<li>\n<ul>\n<li>Strg + + zum Erh\u00f6hen<\/li>\n<li>Strg + \u2013 zum Verringern<\/li>\n<li>Strg + 0 stellt die Originalgr\u00f6\u00dfe des Textes wieder her<\/li>\n<li>Wenn Sie das Stylesheet \u00fcberschreiben oder die Textfarbe \u00e4ndern m\u00f6chten, k\u00f6nnen Sie die Seite konsultieren <span lang=\"en\">So \u00e4ndern Sie die Textgr\u00f6\u00dfe oder Farben des WAI<\/span>, die ins Spanische \u00fcbersetzt gelesen werden kann in Wie \u00e4ndere ich die Textgr\u00f6\u00dfe oder die Farben?<\/li><\/ul><\/li><\/ul>\t\t\t\t\t\t\t\t<\/div>\n\t\t\t\t<\/div>\n\t\t\t\t<div class=\"elementor-element elementor-element-f8607ba elementor-invisible elementor-widget elementor-widget-heading\" data-id=\"f8607ba\" data-element_type=\"widget\" data-settings=\"{&quot;_animation&quot;:&quot;fadeIn&quot;}\" data-widget_type=\"heading.default\">\n\t\t\t\t<div class=\"elementor-widget-container\">\n\t\t\t\t\t<h2 class=\"elementor-heading-title elementor-size-default\">BARRIEREFREIHEITSFUNKTIONEN AUF UNSERER WEBSITE<\/h2>\t\t\t\t<\/div>\n\t\t\t\t<\/div>\n\t\t\t\t<div class=\"elementor-element elementor-element-282fa8e elementor-widget elementor-widget-text-editor\" data-id=\"282fa8e\" data-element_type=\"widget\" data-widget_type=\"text-editor.default\">\n\t\t\t\t<div class=\"elementor-widget-container\">\n\t\t\t\t\t\t\t\t\t<div><span style=\"color: var( --e-global-color-text ); font-family: var( --e-global-typography-text-font-family ), Sans-serif; font-size: var( --e-global-typography-text-font-size ); font-weight: var( --e-global-typography-text-font-weight );\">\u00dcber das Plugin \u201eOne Click Accessibility\u201c haben wir die folgenden Tools integriert, um die Barrierefreiheit zu verbessern:<\/span><\/div><ul><li>Schriftgr\u00f6\u00dfe \u00e4ndern (vergr\u00f6\u00dfern\/verkleinern)<\/li><li>Graustufen<\/li><li>negativen Kontrast<\/li><li>Hoher Kontrast<\/li><li>heller Hintergrund<\/li><li>Link unterstreichen<\/li><li>menschenlesbare Schriftart<\/li><li>Link zu Sitemap\/Kommentaren\/Hilfeseiten<\/li><li>Zum Inhalt springen aktivieren<\/li><li>Konturfokus f\u00fcr fokussierbare Elemente hinzuf\u00fcgen<\/li><li>Zielattribut aus Links entfernen<\/li><li>F\u00fcgen Sie allen Links Referenzrollen hinzu<\/li><li>Customizer zur Stilanpassung<\/li><\/ul>\t\t\t\t\t\t\t\t<\/div>\n\t\t\t\t<\/div>\n\t\t\t\t<div class=\"elementor-element elementor-element-15a8549 elementor-invisible elementor-widget elementor-widget-heading\" data-id=\"15a8549\" data-element_type=\"widget\" data-settings=\"{&quot;_animation&quot;:&quot;fadeIn&quot;}\" data-widget_type=\"heading.default\">\n\t\t\t\t<div class=\"elementor-widget-container\">\n\t\t\t\t\t<h2 class=\"elementor-heading-title elementor-size-default\">WO VERBESSERN WIR UNS<\/h2>\t\t\t\t<\/div>\n\t\t\t\t<\/div>\n\t\t\t\t<div class=\"elementor-element elementor-element-d40bd66 elementor-widget elementor-widget-text-editor\" data-id=\"d40bd66\" data-element_type=\"widget\" data-widget_type=\"text-editor.default\">\n\t\t\t\t<div class=\"elementor-widget-container\">\n\t\t\t\t\t\t\t\t\t<div><span style=\"color: var( --e-global-color-text ); font-family: var( --e-global-typography-text-font-family ), Sans-serif; font-size: var( --e-global-typography-text-font-size ); font-weight: var( --e-global-typography-text-font-weight );\">Dies ist Teil unserer umfassenderen Bem\u00fchungen, die Erfahrung aller bei Sogepyme, SA zu einem einladenden und angenehmen Erlebnis zu machen. Bitte beachten Sie, dass wir zwar unser Bestes tun, um Informationen f\u00fcr alle Benutzer zug\u00e4nglich zu machen, die Zug\u00e4nglichkeit von Websites Dritter, auf die wir m\u00f6glicherweise verlinken, jedoch nicht garantieren kann.<\/span><\/div>\t\t\t\t\t\t\t\t<\/div>\n\t\t\t\t<\/div>\n\t\t\t\t<div class=\"elementor-element elementor-element-2fa35e7 elementor-invisible elementor-widget elementor-widget-heading\" data-id=\"2fa35e7\" data-element_type=\"widget\" data-settings=\"{&quot;_animation&quot;:&quot;fadeIn&quot;}\" data-widget_type=\"heading.default\">\n\t\t\t\t<div class=\"elementor-widget-container\">\n\t\t\t\t\t<h2 class=\"elementor-heading-title elementor-size-default\">BARRIEREFREIHEIT SUPPORT KONTAKT<\/h2>\t\t\t\t<\/div>\n\t\t\t\t<\/div>\n\t\t\t\t<div class=\"elementor-element elementor-element-6db7da7 elementor-widget elementor-widget-text-editor\" data-id=\"6db7da7\" data-element_type=\"widget\" data-widget_type=\"text-editor.default\">\n\t\t\t\t<div class=\"elementor-widget-container\">\n\t\t\t\t\t\t\t\t\t<div><span style=\"color: var( --e-global-color-text ); font-family: var( --e-global-typography-text-font-family ), Sans-serif; font-size: var( --e-global-typography-text-font-size ); font-weight: var( --e-global-typography-text-font-weight );\">Damos la bienvenida a comentarios, preguntas y comentarios sobre nuestro sitio web. Si est\u00e1 utilizando tecnolog\u00edas de asistencia y tiene dificultades para usar nuestro sitio web, env\u00ede un correo electr\u00f3nico a info@sogepyme.com. Haremos todo lo posible para ayudar y resolver los problemas.<\/span><\/div>\t\t\t\t\t\t\t\t<\/div>\n\t\t\t\t<\/div>\n\t\t\t\t\t<\/div>\n\t\t<\/div>\n\t\t\t\t\t<\/div>\n\t\t<\/section>\n\t\t\t\t<section class=\"elementor-section elementor-top-section elementor-element elementor-element-a77bd45 elementor-section-boxed elementor-section-height-default elementor-section-height-default\" data-id=\"a77bd45\" data-element_type=\"section\">\n\t\t\t\t\t\t<div class=\"elementor-container elementor-column-gap-default\">\n\t\t\t\t\t<div class=\"elementor-column elementor-col-100 elementor-top-column elementor-element elementor-element-e63d971\" data-id=\"e63d971\" data-element_type=\"column\">\n\t\t\t<div class=\"elementor-widget-wrap elementor-element-populated\">\n\t\t\t\t\t\t<div class=\"elementor-element elementor-element-a993abd elementor-align-center elementor-widget elementor-widget-button\" data-id=\"a993abd\" data-element_type=\"widget\" data-widget_type=\"button.default\">\n\t\t\t\t<div class=\"elementor-widget-container\">\n\t\t\t\t\t\t\t\t\t<div class=\"elementor-button-wrapper\">\n\t\t\t\t\t<a class=\"elementor-button elementor-button-link elementor-size-md elementor-animation-grow\" href=\"https:\/\/sogepyme.com\/de\/contacto\/\">\n\t\t\t\t\t\t<span class=\"elementor-button-content-wrapper\">\n\t\t\t\t\t\t\t\t\t<span class=\"elementor-button-text\">Frage nach mehr Informationen<\/span>\n\t\t\t\t\t<\/span>\n\t\t\t\t\t<\/a>\n\t\t\t\t<\/div>\n\t\t\t\t\t\t\t\t<\/div>\n\t\t\t\t<\/div>\n\t\t\t\t\t<\/div>\n\t\t<\/div>\n\t\t\t\t\t<\/div>\n\t\t<\/section>\n\t\t\t\t<\/div>","protected":false},"excerpt":{"rendered":"<p>ACCESIBILIDAD Declaraci\u00f3n responsable de accesibilidad de este sitio web en cumplimiento con la normativa vigente se ha comprometido a proporcionar una experiencia de sitio web totalmente accesible para todos los usuarios, incluidos aquellos que dependen de tecnolog\u00edas de asistencia como lectores de pantalla, software de ampliaci\u00f3n de pantalla y dispositivos de entrada de teclado alternativos [&hellip;]<\/p>","protected":false},"author":1,"featured_media":99,"parent":0,"menu_order":12,"comment_status":"closed","ping_status":"closed","template":"elementor_header_footer","meta":{"footnotes":""},"class_list":["post-64","page","type-page","status-publish","has-post-thumbnail","hentry"],"yoast_head":"<!-- This site is optimized with the Yoast SEO plugin v24.4 - https:\/\/yoast.com\/wordpress\/plugins\/seo\/ -->\n<title>Accesibilidad | Sogepyme<\/title>\n<meta name=\"description\" content=\"Ingenier\u00eda especializada en el sector de las renovables.\" \/>\n<meta name=\"robots\" content=\"index, follow, max-snippet:-1, max-image-preview:large, max-video-preview:-1\" \/>\n<link rel=\"canonical\" href=\"https:\/\/sogepyme.com\/de\/accesibilidad\/\" \/>\n<meta property=\"og:locale\" content=\"de_DE\" \/>\n<meta property=\"og:type\" content=\"article\" \/>\n<meta property=\"og:title\" content=\"Accesibilidad | Sogepyme\" \/>\n<meta property=\"og:description\" content=\"Ingenier\u00eda especializada en el sector de las renovables.\" \/>\n<meta property=\"og:url\" content=\"https:\/\/sogepyme.com\/de\/accesibilidad\/\" \/>\n<meta property=\"og:site_name\" content=\"Sogepyme\" \/>\n<meta property=\"article:modified_time\" content=\"2023-03-10T09:31:00+00:00\" \/>\n<meta property=\"og:image\" content=\"https:\/\/sogepyme.com\/wp-content\/uploads\/2022\/12\/SOGEPYME-ahombre-pantalla-de-control-scaled.jpg\" \/>\n\t<meta property=\"og:image:width\" content=\"1920\" \/>\n\t<meta property=\"og:image:height\" content=\"1282\" \/>\n\t<meta property=\"og:image:type\" content=\"image\/jpeg\" \/>\n<meta name=\"twitter:card\" content=\"summary_large_image\" \/>\n<script type=\"application\/ld+json\" class=\"yoast-schema-graph\">{\"@context\":\"https:\/\/schema.org\",\"@graph\":[{\"@type\":\"WebPage\",\"@id\":\"https:\/\/sogepyme.com\/accesibilidad\/\",\"url\":\"https:\/\/sogepyme.com\/accesibilidad\/\",\"name\":\"Accesibilidad | Sogepyme\",\"isPartOf\":{\"@id\":\"https:\/\/sogepyme.com\/#website\"},\"primaryImageOfPage\":{\"@id\":\"https:\/\/sogepyme.com\/accesibilidad\/#primaryimage\"},\"image\":{\"@id\":\"https:\/\/sogepyme.com\/accesibilidad\/#primaryimage\"},\"thumbnailUrl\":\"https:\/\/sogepyme.com\/wp-content\/uploads\/2022\/12\/SOGEPYME-ahombre-pantalla-de-control-scaled.jpg\",\"datePublished\":\"2022-11-30T12:24:28+00:00\",\"dateModified\":\"2023-03-10T09:31:00+00:00\",\"description\":\"Ingenier\u00eda especializada en el sector de las renovables.\",\"breadcrumb\":{\"@id\":\"https:\/\/sogepyme.com\/accesibilidad\/#breadcrumb\"},\"inLanguage\":\"de\",\"potentialAction\":[{\"@type\":\"ReadAction\",\"target\":[\"https:\/\/sogepyme.com\/accesibilidad\/\"]}]},{\"@type\":\"ImageObject\",\"inLanguage\":\"de\",\"@id\":\"https:\/\/sogepyme.com\/accesibilidad\/#primaryimage\",\"url\":\"https:\/\/sogepyme.com\/wp-content\/uploads\/2022\/12\/SOGEPYME-ahombre-pantalla-de-control-scaled.jpg\",\"contentUrl\":\"https:\/\/sogepyme.com\/wp-content\/uploads\/2022\/12\/SOGEPYME-ahombre-pantalla-de-control-scaled.jpg\",\"width\":1920,\"height\":1282,\"caption\":\"Imagen recortada de un especialista en TI trabajando en el c\u00f3digo\"},{\"@type\":\"BreadcrumbList\",\"@id\":\"https:\/\/sogepyme.com\/accesibilidad\/#breadcrumb\",\"itemListElement\":[{\"@type\":\"ListItem\",\"position\":1,\"name\":\"Inicio\",\"item\":\"https:\/\/sogepyme.com\/\"},{\"@type\":\"ListItem\",\"position\":2,\"name\":\"Accesibilidad\"}]},{\"@type\":\"WebSite\",\"@id\":\"https:\/\/sogepyme.com\/#website\",\"url\":\"https:\/\/sogepyme.com\/\",\"name\":\"Sogepyme\",\"description\":\"Ingenier\u00eda de las energ\u00edas renovables\",\"publisher\":{\"@id\":\"https:\/\/sogepyme.com\/#organization\"},\"potentialAction\":[{\"@type\":\"SearchAction\",\"target\":{\"@type\":\"EntryPoint\",\"urlTemplate\":\"https:\/\/sogepyme.com\/?s={search_term_string}\"},\"query-input\":{\"@type\":\"PropertyValueSpecification\",\"valueRequired\":true,\"valueName\":\"search_term_string\"}}],\"inLanguage\":\"de\"},{\"@type\":\"Organization\",\"@id\":\"https:\/\/sogepyme.com\/#organization\",\"name\":\"Sogepyme, S.A.\",\"alternateName\":\"Sogepyme\",\"url\":\"https:\/\/sogepyme.com\/\",\"logo\":{\"@type\":\"ImageObject\",\"inLanguage\":\"de\",\"@id\":\"https:\/\/sogepyme.com\/#\/schema\/logo\/image\/\",\"url\":\"https:\/\/sogepyme.com\/wp-content\/uploads\/2022\/12\/Favicon-SOGEPYME.png\",\"contentUrl\":\"https:\/\/sogepyme.com\/wp-content\/uploads\/2022\/12\/Favicon-SOGEPYME.png\",\"width\":512,\"height\":512,\"caption\":\"Sogepyme, S.A.\"},\"image\":{\"@id\":\"https:\/\/sogepyme.com\/#\/schema\/logo\/image\/\"}}]}<\/script>\n<!-- \/ Yoast SEO plugin. -->","yoast_head_json":{"title":"Accesibilidad | Sogepyme","description":"Ingenier\u00eda especializada en el sector de las renovables.","robots":{"index":"index","follow":"follow","max-snippet":"max-snippet:-1","max-image-preview":"max-image-preview:large","max-video-preview":"max-video-preview:-1"},"canonical":"https:\/\/sogepyme.com\/de\/accesibilidad\/","og_locale":"de_DE","og_type":"article","og_title":"Accesibilidad | Sogepyme","og_description":"Ingenier\u00eda especializada en el sector de las renovables.","og_url":"https:\/\/sogepyme.com\/de\/accesibilidad\/","og_site_name":"Sogepyme","article_modified_time":"2023-03-10T09:31:00+00:00","og_image":[{"width":1920,"height":1282,"url":"https:\/\/sogepyme.com\/wp-content\/uploads\/2022\/12\/SOGEPYME-ahombre-pantalla-de-control-scaled.jpg","type":"image\/jpeg"}],"twitter_card":"summary_large_image","schema":{"@context":"https:\/\/schema.org","@graph":[{"@type":"WebPage","@id":"https:\/\/sogepyme.com\/accesibilidad\/","url":"https:\/\/sogepyme.com\/accesibilidad\/","name":"Accesibilidad | Sogepyme","isPartOf":{"@id":"https:\/\/sogepyme.com\/#website"},"primaryImageOfPage":{"@id":"https:\/\/sogepyme.com\/accesibilidad\/#primaryimage"},"image":{"@id":"https:\/\/sogepyme.com\/accesibilidad\/#primaryimage"},"thumbnailUrl":"https:\/\/sogepyme.com\/wp-content\/uploads\/2022\/12\/SOGEPYME-ahombre-pantalla-de-control-scaled.jpg","datePublished":"2022-11-30T12:24:28+00:00","dateModified":"2023-03-10T09:31:00+00:00","description":"Ingenier\u00eda especializada en el sector de las renovables.","breadcrumb":{"@id":"https:\/\/sogepyme.com\/accesibilidad\/#breadcrumb"},"inLanguage":"de","potentialAction":[{"@type":"ReadAction","target":["https:\/\/sogepyme.com\/accesibilidad\/"]}]},{"@type":"ImageObject","inLanguage":"de","@id":"https:\/\/sogepyme.com\/accesibilidad\/#primaryimage","url":"https:\/\/sogepyme.com\/wp-content\/uploads\/2022\/12\/SOGEPYME-ahombre-pantalla-de-control-scaled.jpg","contentUrl":"https:\/\/sogepyme.com\/wp-content\/uploads\/2022\/12\/SOGEPYME-ahombre-pantalla-de-control-scaled.jpg","width":1920,"height":1282,"caption":"Imagen recortada de un especialista en TI trabajando en el c\u00f3digo"},{"@type":"BreadcrumbList","@id":"https:\/\/sogepyme.com\/accesibilidad\/#breadcrumb","itemListElement":[{"@type":"ListItem","position":1,"name":"Inicio","item":"https:\/\/sogepyme.com\/"},{"@type":"ListItem","position":2,"name":"Accesibilidad"}]},{"@type":"WebSite","@id":"https:\/\/sogepyme.com\/#website","url":"https:\/\/sogepyme.com\/","name":"Sogepyme","description":"Ingenier\u00eda de las energ\u00edas renovables","publisher":{"@id":"https:\/\/sogepyme.com\/#organization"},"potentialAction":[{"@type":"SearchAction","target":{"@type":"EntryPoint","urlTemplate":"https:\/\/sogepyme.com\/?s={search_term_string}"},"query-input":{"@type":"PropertyValueSpecification","valueRequired":true,"valueName":"search_term_string"}}],"inLanguage":"de"},{"@type":"Organization","@id":"https:\/\/sogepyme.com\/#organization","name":"Sogepyme, S.A.","alternateName":"Sogepyme","url":"https:\/\/sogepyme.com\/","logo":{"@type":"ImageObject","inLanguage":"de","@id":"https:\/\/sogepyme.com\/#\/schema\/logo\/image\/","url":"https:\/\/sogepyme.com\/wp-content\/uploads\/2022\/12\/Favicon-SOGEPYME.png","contentUrl":"https:\/\/sogepyme.com\/wp-content\/uploads\/2022\/12\/Favicon-SOGEPYME.png","width":512,"height":512,"caption":"Sogepyme, S.A."},"image":{"@id":"https:\/\/sogepyme.com\/#\/schema\/logo\/image\/"}}]}},"_links":{"self":[{"href":"https:\/\/sogepyme.com\/de\/wp-json\/wp\/v2\/pages\/64","targetHints":{"allow":["GET"]}}],"collection":[{"href":"https:\/\/sogepyme.com\/de\/wp-json\/wp\/v2\/pages"}],"about":[{"href":"https:\/\/sogepyme.com\/de\/wp-json\/wp\/v2\/types\/page"}],"author":[{"embeddable":true,"href":"https:\/\/sogepyme.com\/de\/wp-json\/wp\/v2\/users\/1"}],"replies":[{"embeddable":true,"href":"https:\/\/sogepyme.com\/de\/wp-json\/wp\/v2\/comments?post=64"}],"version-history":[{"count":5,"href":"https:\/\/sogepyme.com\/de\/wp-json\/wp\/v2\/pages\/64\/revisions"}],"predecessor-version":[{"id":2890,"href":"https:\/\/sogepyme.com\/de\/wp-json\/wp\/v2\/pages\/64\/revisions\/2890"}],"wp:featuredmedia":[{"embeddable":true,"href":"https:\/\/sogepyme.com\/de\/wp-json\/wp\/v2\/media\/99"}],"wp:attachment":[{"href":"https:\/\/sogepyme.com\/de\/wp-json\/wp\/v2\/media?parent=64"}],"curies":[{"name":"wp","href":"https:\/\/api.w.org\/{rel}","templated":true}]}}