{"id":152,"date":"2022-12-19T17:09:53","date_gmt":"2022-12-19T16:09:53","guid":{"rendered":"https:\/\/sogepyme.com\/?page_id=152"},"modified":"2023-05-15T15:05:02","modified_gmt":"2023-05-15T13:05:02","slug":"clientes","status":"publish","type":"page","link":"https:\/\/sogepyme.com\/de\/kunden\/","title":{"rendered":"Unsere Kunden"},"content":{"rendered":"<div data-elementor-type=\"wp-page\" data-elementor-id=\"152\" class=\"elementor elementor-152\" data-elementor-post-type=\"page\">\n\t\t\t\t\t\t<section class=\"elementor-section elementor-top-section elementor-element elementor-element-a4d4bcf elementor-section-full_width elementor-section-height-default elementor-section-height-default\" data-id=\"a4d4bcf\" data-element_type=\"section\" data-settings=\"{&quot;background_background&quot;:&quot;classic&quot;}\">\n\t\t\t\t\t\t\t<div class=\"elementor-background-overlay\"><\/div>\n\t\t\t\t\t\t\t<div class=\"elementor-container elementor-column-gap-no\">\n\t\t\t\t\t<div class=\"elementor-column elementor-col-100 elementor-top-column elementor-element elementor-element-b74a0d9\" data-id=\"b74a0d9\" data-element_type=\"column\" data-settings=\"{&quot;background_background&quot;:&quot;classic&quot;}\">\n\t\t\t<div class=\"elementor-widget-wrap elementor-element-populated\">\n\t\t\t\t\t\t<div class=\"elementor-element elementor-element-73a8873 elementor-widget__width-auto elementor-mobile-align-center elementor-widget-mobile__width-auto elementor-widget elementor-widget-breadcrumbs\" data-id=\"73a8873\" data-element_type=\"widget\" data-widget_type=\"breadcrumbs.default\">\n\t\t\t\t<div class=\"elementor-widget-container\">\n\t\t\t\t\t<p id=\"breadcrumbs\"><span><span><a href=\"https:\/\/sogepyme.com\/de\">Start<\/a><\/span><\/span><\/p>\t\t\t\t<\/div>\n\t\t\t\t<\/div>\n\t\t\t\t<section class=\"elementor-section elementor-inner-section elementor-element elementor-element-6c81042 elementor-section-boxed elementor-section-height-default elementor-section-height-default\" data-id=\"6c81042\" data-element_type=\"section\" data-settings=\"{&quot;background_background&quot;:&quot;gradient&quot;}\">\n\t\t\t\t\t\t<div class=\"elementor-container elementor-column-gap-default\">\n\t\t\t\t\t<div class=\"elementor-column elementor-col-100 elementor-inner-column elementor-element elementor-element-05f310c\" data-id=\"05f310c\" data-element_type=\"column\">\n\t\t\t<div class=\"elementor-widget-wrap elementor-element-populated\">\n\t\t\t\t\t\t<div class=\"elementor-element elementor-element-cab1b8f elementor-headline--style-highlight elementor-widget elementor-widget-animated-headline\" data-id=\"cab1b8f\" data-element_type=\"widget\" data-settings=\"{&quot;marker&quot;:&quot;curly&quot;,&quot;highlighted_text&quot;:&quot;clientes&quot;,&quot;headline_style&quot;:&quot;highlight&quot;,&quot;loop&quot;:&quot;yes&quot;,&quot;highlight_animation_duration&quot;:1200,&quot;highlight_iteration_delay&quot;:8000}\" data-widget_type=\"animated-headline.default\">\n\t\t\t\t<div class=\"elementor-widget-container\">\n\t\t\t\t\t\t\t<h1 class=\"elementor-headline\">\n\t\t\t\t\t<span class=\"elementor-headline-plain-text elementor-headline-text-wrapper\">Unser <\/span>\n\t\t\t\t<span class=\"elementor-headline-dynamic-wrapper elementor-headline-text-wrapper\">\n\t\t\t\t\t<span class=\"elementor-headline-dynamic-text elementor-headline-text-active\">Kunden<\/span>\n\t\t\t\t<\/span>\n\t\t\t\t<\/h1>\n\t\t\t\t\t\t<\/div>\n\t\t\t\t<\/div>\n\t\t\t\t<div class=\"elementor-element elementor-element-1498d6f elementor-widget elementor-widget-text-editor\" data-id=\"1498d6f\" data-element_type=\"widget\" data-widget_type=\"text-editor.default\">\n\t\t\t\t<div class=\"elementor-widget-container\">\n\t\t\t\t\t\t\t\t\t<p style=\"text-align: left;\"><strong>Sogepyme<\/strong> strebt eine stabile und dauerhafte Beziehung zu all seinen Kunden an und passt die Arbeit an ihre Bed\u00fcrfnisse durch eine flie\u00dfende und konstante Beziehung an, die die Grundlage f\u00fcr Vertrauen und volle Zufriedenheit bildet.<\/p>\t\t\t\t\t\t\t\t<\/div>\n\t\t\t\t<\/div>\n\t\t\t\t\t<\/div>\n\t\t<\/div>\n\t\t\t\t\t<\/div>\n\t\t<\/section>\n\t\t\t\t\t<\/div>\n\t\t<\/div>\n\t\t\t\t\t<\/div>\n\t\t<\/section>\n\t\t\t\t<section class=\"elementor-section elementor-top-section elementor-element elementor-element-8ebd60d elementor-section-boxed elementor-section-height-default elementor-section-height-default\" data-id=\"8ebd60d\" data-element_type=\"section\">\n\t\t\t\t\t\t<div class=\"elementor-container elementor-column-gap-no\">\n\t\t\t\t\t<div class=\"elementor-column elementor-col-50 elementor-top-column elementor-element elementor-element-58962b1\" data-id=\"58962b1\" data-element_type=\"column\">\n\t\t\t<div class=\"elementor-widget-wrap elementor-element-populated\">\n\t\t\t\t\t\t<div class=\"elementor-element elementor-element-1e2a403 elementor-hidden-mobile elementor-hidden-tablet elementor-widget elementor-widget-spacer\" data-id=\"1e2a403\" data-element_type=\"widget\" data-widget_type=\"spacer.default\">\n\t\t\t\t<div class=\"elementor-widget-container\">\n\t\t\t\t\t\t\t<div class=\"elementor-spacer\">\n\t\t\t<div class=\"elementor-spacer-inner\"><\/div>\n\t\t<\/div>\n\t\t\t\t\t\t<\/div>\n\t\t\t\t<\/div>\n\t\t\t\t<section class=\"elementor-section elementor-inner-section elementor-element elementor-element-60bb94f elementor-section-boxed elementor-section-height-default elementor-section-height-default\" data-id=\"60bb94f\" data-element_type=\"section\">\n\t\t\t\t\t\t<div class=\"elementor-container elementor-column-gap-default\">\n\t\t\t\t\t<div class=\"elementor-column elementor-col-100 elementor-inner-column elementor-element elementor-element-4df1718\" data-id=\"4df1718\" data-element_type=\"column\">\n\t\t\t<div class=\"elementor-widget-wrap elementor-element-populated\">\n\t\t\t\t\t\t<div class=\"elementor-element elementor-element-5f6d84f elementor-invisible elementor-widget elementor-widget-image\" data-id=\"5f6d84f\" data-element_type=\"widget\" data-settings=\"{&quot;_animation&quot;:&quot;fadeInLeft&quot;,&quot;_animation_mobile&quot;:&quot;fadeInRight&quot;}\" data-widget_type=\"image.default\">\n\t\t\t\t<div class=\"elementor-widget-container\">\n\t\t\t\t\t\t\t\t\t\t\t\t\t\t\t<img fetchpriority=\"high\" decoding=\"async\" width=\"800\" height=\"800\" src=\"https:\/\/sogepyme.com\/wp-content\/uploads\/2023\/01\/Recurso-10.svg\" class=\"attachment-large size-large wp-image-345\" alt=\"cono equipo\" \/>\t\t\t\t\t\t\t\t\t\t\t\t\t\t\t<\/div>\n\t\t\t\t<\/div>\n\t\t\t\t\t<\/div>\n\t\t<\/div>\n\t\t\t\t\t<\/div>\n\t\t<\/section>\n\t\t\t\t<div class=\"elementor-element elementor-element-5f17369 elementor-widget elementor-widget-spacer\" data-id=\"5f17369\" data-element_type=\"widget\" data-widget_type=\"spacer.default\">\n\t\t\t\t<div class=\"elementor-widget-container\">\n\t\t\t\t\t\t\t<div class=\"elementor-spacer\">\n\t\t\t<div class=\"elementor-spacer-inner\"><\/div>\n\t\t<\/div>\n\t\t\t\t\t\t<\/div>\n\t\t\t\t<\/div>\n\t\t\t\t<div class=\"elementor-element elementor-element-f53ac11 elementor-widget elementor-widget-image\" data-id=\"f53ac11\" data-element_type=\"widget\" data-widget_type=\"image.default\">\n\t\t\t\t<div class=\"elementor-widget-container\">\n\t\t\t\t\t\t\t\t\t\t\t\t\t\t\t<img decoding=\"async\" width=\"800\" height=\"534\" src=\"https:\/\/sogepyme.com\/wp-content\/uploads\/2022\/12\/SOGEPYME-trabajador-con-casco-1024x683.jpg\" class=\"attachment-large size-large wp-image-134\" alt=\"SOGEPYME-trabajador-con-casco\" srcset=\"https:\/\/sogepyme.com\/wp-content\/uploads\/2022\/12\/SOGEPYME-trabajador-con-casco-1024x683.jpg 1024w, https:\/\/sogepyme.com\/wp-content\/uploads\/2022\/12\/SOGEPYME-trabajador-con-casco-300x200.jpg 300w, https:\/\/sogepyme.com\/wp-content\/uploads\/2022\/12\/SOGEPYME-trabajador-con-casco-768x512.jpg 768w, https:\/\/sogepyme.com\/wp-content\/uploads\/2022\/12\/SOGEPYME-trabajador-con-casco-1536x1024.jpg 1536w, https:\/\/sogepyme.com\/wp-content\/uploads\/2022\/12\/SOGEPYME-trabajador-con-casco.jpg 1620w\" sizes=\"(max-width: 800px) 100vw, 800px\" \/>\t\t\t\t\t\t\t\t\t\t\t\t\t\t\t<\/div>\n\t\t\t\t<\/div>\n\t\t\t\t<div class=\"elementor-element elementor-element-e91816a elementor-align-right elementor-tablet-align-center elementor-hidden-tablet elementor-hidden-mobile elementor-widget elementor-widget-button\" data-id=\"e91816a\" data-element_type=\"widget\" data-widget_type=\"button.default\">\n\t\t\t\t<div class=\"elementor-widget-container\">\n\t\t\t\t\t\t\t\t\t<div class=\"elementor-button-wrapper\">\n\t\t\t\t\t<a class=\"elementor-button elementor-button-link elementor-size-sm\" href=\"https:\/\/sogepyme.com\/de\/contacto\/\">\n\t\t\t\t\t\t<span class=\"elementor-button-content-wrapper\">\n\t\t\t\t\t\t\t\t\t<span class=\"elementor-button-text\">Nach Informationen fragen<\/span>\n\t\t\t\t\t<\/span>\n\t\t\t\t\t<\/a>\n\t\t\t\t<\/div>\n\t\t\t\t\t\t\t\t<\/div>\n\t\t\t\t<\/div>\n\t\t\t\t<div class=\"elementor-element elementor-element-17227e2 elementor-hidden-mobile elementor-hidden-tablet elementor-widget elementor-widget-spacer\" data-id=\"17227e2\" data-element_type=\"widget\" data-widget_type=\"spacer.default\">\n\t\t\t\t<div class=\"elementor-widget-container\">\n\t\t\t\t\t\t\t<div class=\"elementor-spacer\">\n\t\t\t<div class=\"elementor-spacer-inner\"><\/div>\n\t\t<\/div>\n\t\t\t\t\t\t<\/div>\n\t\t\t\t<\/div>\n\t\t\t\t\t<\/div>\n\t\t<\/div>\n\t\t\t\t<div class=\"elementor-column elementor-col-50 elementor-top-column elementor-element elementor-element-e54b3c9 elementor-invisible\" data-id=\"e54b3c9\" data-element_type=\"column\" data-settings=\"{&quot;background_background&quot;:&quot;classic&quot;,&quot;animation&quot;:&quot;fadeInRight&quot;}\">\n\t\t\t<div class=\"elementor-widget-wrap elementor-element-populated\">\n\t\t\t\t\t\t<section class=\"elementor-section elementor-inner-section elementor-element elementor-element-71f6479 elementor-section-boxed elementor-section-height-default elementor-section-height-default\" data-id=\"71f6479\" data-element_type=\"section\">\n\t\t\t\t\t\t<div class=\"elementor-container elementor-column-gap-no\">\n\t\t\t\t\t<div class=\"elementor-column elementor-col-50 elementor-inner-column elementor-element elementor-element-5f5c644\" data-id=\"5f5c644\" data-element_type=\"column\">\n\t\t\t<div class=\"elementor-widget-wrap elementor-element-populated\">\n\t\t\t\t\t\t<div class=\"elementor-element elementor-element-6e52108 elementor-widget elementor-widget-heading\" data-id=\"6e52108\" data-element_type=\"widget\" data-settings=\"{&quot;_animation_mobile&quot;:&quot;fadeInLeft&quot;}\" data-widget_type=\"heading.default\">\n\t\t\t\t<div class=\"elementor-widget-container\">\n\t\t\t\t\t<h2 class=\"elementor-heading-title elementor-size-default\">Spanien<\/h2>\t\t\t\t<\/div>\n\t\t\t\t<\/div>\n\t\t\t\t<div class=\"elementor-element elementor-element-248e3c6 elementor-widget elementor-widget-text-editor\" data-id=\"248e3c6\" data-element_type=\"widget\" data-widget_type=\"text-editor.default\">\n\t\t\t\t<div class=\"elementor-widget-container\">\n\t\t\t\t\t\t\t\t\t<ul><li class=\"p1\">VERST\u00c4RKERLEISTUNG<\/li><li class=\"p1\">FOTOWATIO RENEWABLE VENTURE SERVICES (FRV)<\/li><li class=\"p1\">KLEIDER<\/li><li class=\"p1\">WINDST\u00d6RUNG<\/li><li class=\"p1\">WINDENERGIE<\/li><li>\u00a0SAETA-ERTRAG<\/li><li>RENOSAY ENERGIE<\/li><li>ENZEN<\/li><li class=\"p1\">HUNESA<\/li><li class=\"p1\">APHAN-ENERGIE<\/li><li class=\"p1\">VORNEAL-GRUPPE<\/li><li class=\"p1\">ANDAVIA ERNEUERBARE ENERGIEN<\/li><li class=\"p1\">SPANISCHE ERNEUERBARE ENERGIE<\/li><li class=\"p1\">PE\u00d1A LABRA ELECTRIC COMPANY<\/li><li class=\"p1\">ASTURIAN MINI-ZENTREN<\/li><li class=\"p1\">DURBINSA<\/li><li class=\"p1\">RWE<\/li><li class=\"p1\">ENERGIE-TAPIR<\/li><li class=\"p1\">GALIZISCHE AEROGENERATION<\/li><li class=\"p1\">EE HEILIGE LUCIA<\/li><li class=\"p1\">ERNEUERBARER WIND<\/li><\/ul>\t\t\t\t\t\t\t\t<\/div>\n\t\t\t\t<\/div>\n\t\t\t\t\t<\/div>\n\t\t<\/div>\n\t\t\t\t<div class=\"elementor-column elementor-col-50 elementor-inner-column elementor-element elementor-element-0fc6a43\" data-id=\"0fc6a43\" data-element_type=\"column\">\n\t\t\t<div class=\"elementor-widget-wrap elementor-element-populated\">\n\t\t\t\t\t\t<div class=\"elementor-element elementor-element-44bbb7b elementor-widget elementor-widget-heading\" data-id=\"44bbb7b\" data-element_type=\"widget\" data-settings=\"{&quot;_animation_mobile&quot;:&quot;fadeInLeft&quot;}\" data-widget_type=\"heading.default\">\n\t\t\t\t<div class=\"elementor-widget-container\">\n\t\t\t\t\t<h2 class=\"elementor-heading-title elementor-size-default\">International<\/h2>\t\t\t\t<\/div>\n\t\t\t\t<\/div>\n\t\t\t\t<div class=\"elementor-element elementor-element-e278410 elementor-widget elementor-widget-text-editor\" data-id=\"e278410\" data-element_type=\"widget\" data-widget_type=\"text-editor.default\">\n\t\t\t\t<div class=\"elementor-widget-container\">\n\t\t\t\t\t\t\t\t\t<ul><li class=\"p1\">ZUMA-ENERGIE<\/li><li class=\"p1\">INTAVAN MEXIKO<\/li><li class=\"p1\">SEMPA-ENERGIE<\/li><li class=\"p1\">ANEMO-ENERGIE<\/li><li class=\"p1\">FOTOWATIO RENEWABLE VENTURE SERVICES (FRV)<\/li><li class=\"p1\">ENZEN<\/li><li class=\"p1\">NEREO GR\u00dcNES KAPITAL ALTERNATIVE GR\u00dcNE ENERGIE<\/li><li class=\"p1\">KINICH-ENERGIE<\/li><li class=\"p1\">PIASA<\/li><li class=\"p1\">MEDRA-PROJEKT<\/li><li class=\"p1\">GANZ ERNEUERBARE<\/li><li class=\"p1\">MARTIFER<\/li><li class=\"p1\">GASI<\/li><li class=\"p1\">EIN ENERGIE<\/li><li class=\"p1\">Megawatt<\/li><li class=\"p1\">ENERGIE- UND WINDPROJEKTE<\/li><\/ul>\t\t\t\t\t\t\t\t<\/div>\n\t\t\t\t<\/div>\n\t\t\t\t\t<\/div>\n\t\t<\/div>\n\t\t\t\t\t<\/div>\n\t\t<\/section>\n\t\t\t\t\t<\/div>\n\t\t<\/div>\n\t\t\t\t\t<\/div>\n\t\t<\/section>\n\t\t\t\t<section class=\"elementor-section elementor-top-section elementor-element elementor-element-5ca146e elementor-hidden-desktop elementor-section-boxed elementor-section-height-default elementor-section-height-default\" data-id=\"5ca146e\" data-element_type=\"section\">\n\t\t\t\t\t\t<div class=\"elementor-container elementor-column-gap-default\">\n\t\t\t\t\t<div class=\"elementor-column elementor-col-100 elementor-top-column elementor-element elementor-element-674105f\" data-id=\"674105f\" data-element_type=\"column\">\n\t\t\t<div class=\"elementor-widget-wrap elementor-element-populated\">\n\t\t\t\t\t\t<div class=\"elementor-element elementor-element-c185fbf elementor-align-center elementor-widget elementor-widget-button\" data-id=\"c185fbf\" data-element_type=\"widget\" data-widget_type=\"button.default\">\n\t\t\t\t<div class=\"elementor-widget-container\">\n\t\t\t\t\t\t\t\t\t<div class=\"elementor-button-wrapper\">\n\t\t\t\t\t<a class=\"elementor-button elementor-button-link elementor-size-md elementor-animation-grow\" href=\"https:\/\/sogepyme.com\/de\/contacto\/\">\n\t\t\t\t\t\t<span class=\"elementor-button-content-wrapper\">\n\t\t\t\t\t\t\t\t\t<span class=\"elementor-button-text\">Frage nach mehr Informationen<\/span>\n\t\t\t\t\t<\/span>\n\t\t\t\t\t<\/a>\n\t\t\t\t<\/div>\n\t\t\t\t\t\t\t\t<\/div>\n\t\t\t\t<\/div>\n\t\t\t\t\t<\/div>\n\t\t<\/div>\n\t\t\t\t\t<\/div>\n\t\t<\/section>\n\t\t\t\t<\/div>","protected":false},"excerpt":{"rendered":"<p>Nuestros clientes Sogepyme busca una relaci\u00f3n estable y duradera con todos sus clientes adaptando el trabajo a sus necesidades mediante una relaci\u00f3n fluida y constante que sienta las bases de confianza y satisfacci\u00f3n plena. Solicitar informaci\u00f3n Espa\u00f1a AMP ENERG\u00cdA FOTOWATIO RENEWABLE VENTURE SERVICES (FRV) VESTAS LASTRA E\u00d3LICA CANDA E\u00d3LICA \u00a0SAETA YIELD RENOSAY ENERG\u00cdA ENZEN HUNOSA [&hellip;]<\/p>","protected":false},"author":1,"featured_media":117,"parent":0,"menu_order":3,"comment_status":"closed","ping_status":"closed","template":"elementor_header_footer","meta":{"footnotes":""},"class_list":["post-152","page","type-page","status-publish","has-post-thumbnail","hentry"],"yoast_head":"<!-- This site is optimized with the Yoast SEO plugin v24.4 - https:\/\/yoast.com\/wordpress\/plugins\/seo\/ -->\n<title>Nuestros clientes | Sogepyme<\/title>\n<meta name=\"description\" content=\"Sogepyme busca una relaci\u00f3n estable y duradera con todos sus clientes adaptando el trabajo a sus necesidades.\" \/>\n<meta name=\"robots\" content=\"index, follow, max-snippet:-1, max-image-preview:large, max-video-preview:-1\" \/>\n<link rel=\"canonical\" href=\"https:\/\/sogepyme.com\/de\/kunden\/\" \/>\n<meta property=\"og:locale\" content=\"de_DE\" \/>\n<meta property=\"og:type\" content=\"article\" \/>\n<meta property=\"og:title\" content=\"Nuestros clientes | Sogepyme\" \/>\n<meta property=\"og:description\" content=\"Sogepyme busca una relaci\u00f3n estable y duradera con todos sus clientes adaptando el trabajo a sus necesidades.\" \/>\n<meta property=\"og:url\" content=\"https:\/\/sogepyme.com\/de\/kunden\/\" \/>\n<meta property=\"og:site_name\" content=\"Sogepyme\" \/>\n<meta property=\"article:modified_time\" content=\"2023-05-15T13:05:02+00:00\" \/>\n<meta property=\"og:image\" content=\"https:\/\/sogepyme.com\/wp-content\/uploads\/2022\/12\/SOGEPYME-Molinos-niebla-3.jpg\" \/>\n\t<meta property=\"og:image:width\" content=\"1620\" \/>\n\t<meta property=\"og:image:height\" content=\"1080\" \/>\n\t<meta property=\"og:image:type\" content=\"image\/jpeg\" \/>\n<meta name=\"twitter:card\" content=\"summary_large_image\" \/>\n<meta name=\"twitter:label1\" content=\"Gesch\u00e4tzte Lesezeit\" \/>\n\t<meta name=\"twitter:data1\" content=\"1\u00a0Minute\" \/>\n<script type=\"application\/ld+json\" class=\"yoast-schema-graph\">{\"@context\":\"https:\/\/schema.org\",\"@graph\":[{\"@type\":\"WebPage\",\"@id\":\"https:\/\/sogepyme.com\/clientes\/\",\"url\":\"https:\/\/sogepyme.com\/clientes\/\",\"name\":\"Nuestros clientes | Sogepyme\",\"isPartOf\":{\"@id\":\"https:\/\/sogepyme.com\/#website\"},\"primaryImageOfPage\":{\"@id\":\"https:\/\/sogepyme.com\/clientes\/#primaryimage\"},\"image\":{\"@id\":\"https:\/\/sogepyme.com\/clientes\/#primaryimage\"},\"thumbnailUrl\":\"https:\/\/sogepyme.com\/wp-content\/uploads\/2022\/12\/SOGEPYME-Molinos-niebla-3.jpg\",\"datePublished\":\"2022-12-19T16:09:53+00:00\",\"dateModified\":\"2023-05-15T13:05:02+00:00\",\"description\":\"Sogepyme busca una relaci\u00f3n estable y duradera con todos sus clientes adaptando el trabajo a sus necesidades.\",\"breadcrumb\":{\"@id\":\"https:\/\/sogepyme.com\/clientes\/#breadcrumb\"},\"inLanguage\":\"de\",\"potentialAction\":[{\"@type\":\"ReadAction\",\"target\":[\"https:\/\/sogepyme.com\/clientes\/\"]}]},{\"@type\":\"ImageObject\",\"inLanguage\":\"de\",\"@id\":\"https:\/\/sogepyme.com\/clientes\/#primaryimage\",\"url\":\"https:\/\/sogepyme.com\/wp-content\/uploads\/2022\/12\/SOGEPYME-Molinos-niebla-3.jpg\",\"contentUrl\":\"https:\/\/sogepyme.com\/wp-content\/uploads\/2022\/12\/SOGEPYME-Molinos-niebla-3.jpg\",\"width\":1620,\"height\":1080,\"caption\":\"Paisaje con un parque e\u00f3lico en una ma\u00f1ana nublada. Vista a\u00e9rea. Sale el sol\"},{\"@type\":\"BreadcrumbList\",\"@id\":\"https:\/\/sogepyme.com\/clientes\/#breadcrumb\",\"itemListElement\":[{\"@type\":\"ListItem\",\"position\":1,\"name\":\"Inicio\",\"item\":\"https:\/\/sogepyme.com\/\"},{\"@type\":\"ListItem\",\"position\":2,\"name\":\"Nuestros clientes\"}]},{\"@type\":\"WebSite\",\"@id\":\"https:\/\/sogepyme.com\/#website\",\"url\":\"https:\/\/sogepyme.com\/\",\"name\":\"Sogepyme\",\"description\":\"Ingenier\u00eda de las energ\u00edas renovables\",\"publisher\":{\"@id\":\"https:\/\/sogepyme.com\/#organization\"},\"potentialAction\":[{\"@type\":\"SearchAction\",\"target\":{\"@type\":\"EntryPoint\",\"urlTemplate\":\"https:\/\/sogepyme.com\/?s={search_term_string}\"},\"query-input\":{\"@type\":\"PropertyValueSpecification\",\"valueRequired\":true,\"valueName\":\"search_term_string\"}}],\"inLanguage\":\"de\"},{\"@type\":\"Organization\",\"@id\":\"https:\/\/sogepyme.com\/#organization\",\"name\":\"Sogepyme, S.A.\",\"alternateName\":\"Sogepyme\",\"url\":\"https:\/\/sogepyme.com\/\",\"logo\":{\"@type\":\"ImageObject\",\"inLanguage\":\"de\",\"@id\":\"https:\/\/sogepyme.com\/#\/schema\/logo\/image\/\",\"url\":\"https:\/\/sogepyme.com\/wp-content\/uploads\/2022\/12\/Favicon-SOGEPYME.png\",\"contentUrl\":\"https:\/\/sogepyme.com\/wp-content\/uploads\/2022\/12\/Favicon-SOGEPYME.png\",\"width\":512,\"height\":512,\"caption\":\"Sogepyme, S.A.\"},\"image\":{\"@id\":\"https:\/\/sogepyme.com\/#\/schema\/logo\/image\/\"}}]}<\/script>\n<!-- \/ Yoast SEO plugin. -->","yoast_head_json":{"title":"Nuestros clientes | Sogepyme","description":"Sogepyme busca una relaci\u00f3n estable y duradera con todos sus clientes adaptando el trabajo a sus necesidades.","robots":{"index":"index","follow":"follow","max-snippet":"max-snippet:-1","max-image-preview":"max-image-preview:large","max-video-preview":"max-video-preview:-1"},"canonical":"https:\/\/sogepyme.com\/de\/kunden\/","og_locale":"de_DE","og_type":"article","og_title":"Nuestros clientes | Sogepyme","og_description":"Sogepyme busca una relaci\u00f3n estable y duradera con todos sus clientes adaptando el trabajo a sus necesidades.","og_url":"https:\/\/sogepyme.com\/de\/kunden\/","og_site_name":"Sogepyme","article_modified_time":"2023-05-15T13:05:02+00:00","og_image":[{"width":1620,"height":1080,"url":"https:\/\/sogepyme.com\/wp-content\/uploads\/2022\/12\/SOGEPYME-Molinos-niebla-3.jpg","type":"image\/jpeg"}],"twitter_card":"summary_large_image","twitter_misc":{"Gesch\u00e4tzte Lesezeit":"1\u00a0Minute"},"schema":{"@context":"https:\/\/schema.org","@graph":[{"@type":"WebPage","@id":"https:\/\/sogepyme.com\/clientes\/","url":"https:\/\/sogepyme.com\/clientes\/","name":"Nuestros clientes | Sogepyme","isPartOf":{"@id":"https:\/\/sogepyme.com\/#website"},"primaryImageOfPage":{"@id":"https:\/\/sogepyme.com\/clientes\/#primaryimage"},"image":{"@id":"https:\/\/sogepyme.com\/clientes\/#primaryimage"},"thumbnailUrl":"https:\/\/sogepyme.com\/wp-content\/uploads\/2022\/12\/SOGEPYME-Molinos-niebla-3.jpg","datePublished":"2022-12-19T16:09:53+00:00","dateModified":"2023-05-15T13:05:02+00:00","description":"Sogepyme busca una relaci\u00f3n estable y duradera con todos sus clientes adaptando el trabajo a sus necesidades.","breadcrumb":{"@id":"https:\/\/sogepyme.com\/clientes\/#breadcrumb"},"inLanguage":"de","potentialAction":[{"@type":"ReadAction","target":["https:\/\/sogepyme.com\/clientes\/"]}]},{"@type":"ImageObject","inLanguage":"de","@id":"https:\/\/sogepyme.com\/clientes\/#primaryimage","url":"https:\/\/sogepyme.com\/wp-content\/uploads\/2022\/12\/SOGEPYME-Molinos-niebla-3.jpg","contentUrl":"https:\/\/sogepyme.com\/wp-content\/uploads\/2022\/12\/SOGEPYME-Molinos-niebla-3.jpg","width":1620,"height":1080,"caption":"Paisaje con un parque e\u00f3lico en una ma\u00f1ana nublada. Vista a\u00e9rea. Sale el sol"},{"@type":"BreadcrumbList","@id":"https:\/\/sogepyme.com\/clientes\/#breadcrumb","itemListElement":[{"@type":"ListItem","position":1,"name":"Inicio","item":"https:\/\/sogepyme.com\/"},{"@type":"ListItem","position":2,"name":"Nuestros clientes"}]},{"@type":"WebSite","@id":"https:\/\/sogepyme.com\/#website","url":"https:\/\/sogepyme.com\/","name":"Sogepyme","description":"Ingenier\u00eda de las energ\u00edas renovables","publisher":{"@id":"https:\/\/sogepyme.com\/#organization"},"potentialAction":[{"@type":"SearchAction","target":{"@type":"EntryPoint","urlTemplate":"https:\/\/sogepyme.com\/?s={search_term_string}"},"query-input":{"@type":"PropertyValueSpecification","valueRequired":true,"valueName":"search_term_string"}}],"inLanguage":"de"},{"@type":"Organization","@id":"https:\/\/sogepyme.com\/#organization","name":"Sogepyme, S.A.","alternateName":"Sogepyme","url":"https:\/\/sogepyme.com\/","logo":{"@type":"ImageObject","inLanguage":"de","@id":"https:\/\/sogepyme.com\/#\/schema\/logo\/image\/","url":"https:\/\/sogepyme.com\/wp-content\/uploads\/2022\/12\/Favicon-SOGEPYME.png","contentUrl":"https:\/\/sogepyme.com\/wp-content\/uploads\/2022\/12\/Favicon-SOGEPYME.png","width":512,"height":512,"caption":"Sogepyme, S.A."},"image":{"@id":"https:\/\/sogepyme.com\/#\/schema\/logo\/image\/"}}]}},"_links":{"self":[{"href":"https:\/\/sogepyme.com\/de\/wp-json\/wp\/v2\/pages\/152","targetHints":{"allow":["GET"]}}],"collection":[{"href":"https:\/\/sogepyme.com\/de\/wp-json\/wp\/v2\/pages"}],"about":[{"href":"https:\/\/sogepyme.com\/de\/wp-json\/wp\/v2\/types\/page"}],"author":[{"embeddable":true,"href":"https:\/\/sogepyme.com\/de\/wp-json\/wp\/v2\/users\/1"}],"replies":[{"embeddable":true,"href":"https:\/\/sogepyme.com\/de\/wp-json\/wp\/v2\/comments?post=152"}],"version-history":[{"count":5,"href":"https:\/\/sogepyme.com\/de\/wp-json\/wp\/v2\/pages\/152\/revisions"}],"predecessor-version":[{"id":2970,"href":"https:\/\/sogepyme.com\/de\/wp-json\/wp\/v2\/pages\/152\/revisions\/2970"}],"wp:featuredmedia":[{"embeddable":true,"href":"https:\/\/sogepyme.com\/de\/wp-json\/wp\/v2\/media\/117"}],"wp:attachment":[{"href":"https:\/\/sogepyme.com\/de\/wp-json\/wp\/v2\/media?parent=152"}],"curies":[{"name":"wp","href":"https:\/\/api.w.org\/{rel}","templated":true}]}}